{"id":759,"date":"2019-08-02T08:36:22","date_gmt":"2019-08-02T08:36:22","guid":{"rendered":"https:\/\/vuokrausliike.fi\/?page_id=759"},"modified":"2020-04-21T07:22:06","modified_gmt":"2020-04-21T07:22:06","slug":"perakarry","status":"publish","type":"page","link":"https:\/\/www.vuokrausliike.fi\/index.php\/perakarry\/","title":{"rendered":"PER\u00c4K\u00c4RRY"},"content":{"rendered":"\t\t<div data-elementor-type=\"wp-post\" data-elementor-id=\"759\" class=\"elementor elementor-759\">\n\t\t\t\t\t\t<section class=\"elementor-section elementor-top-section elementor-element elementor-element-25cfdff0 elementor-section-stretched elementor-section-boxed elementor-section-height-default elementor-section-height-default\" data-id=\"25cfdff0\" data-element_type=\"section\" data-e-type=\"section\" data-settings=\"{&quot;stretch_section&quot;:&quot;section-stretched&quot;,&quot;background_background&quot;:&quot;gradient&quot;}\">\n\t\t\t\t\t\t<div class=\"elementor-container elementor-column-gap-no\">\n\t\t\t\t\t<div class=\"elementor-column elementor-col-33 elementor-top-column elementor-element elementor-element-56dee71d\" data-id=\"56dee71d\" data-element_type=\"column\" data-e-type=\"column\">\n\t\t\t<div class=\"elementor-widget-wrap\">\n\t\t\t\t\t\t\t<\/div>\n\t\t<\/div>\n\t\t\t\t<div class=\"elementor-column elementor-col-33 elementor-top-column elementor-element elementor-element-5062ea78\" data-id=\"5062ea78\" data-element_type=\"column\" data-e-type=\"column\">\n\t\t\t<div class=\"elementor-widget-wrap elementor-element-populated\">\n\t\t\t\t\t\t<div class=\"elementor-element elementor-element-6c6bcaa2 elementor-widget elementor-widget-heading\" data-id=\"6c6bcaa2\" data-element_type=\"widget\" data-e-type=\"widget\" data-widget_type=\"heading.default\">\n\t\t\t\t<div class=\"elementor-widget-container\">\n\t\t\t\t\t<h1 class=\"elementor-heading-title elementor-size-xl\">Kuomuk\u00e4rry JT-Trailer 330K<\/h1>\t\t\t\t<\/div>\n\t\t\t\t<\/div>\n\t\t\t\t<section class=\"elementor-section elementor-inner-section elementor-element elementor-element-6fa4ca0 elementor-section-boxed elementor-section-height-default elementor-section-height-default\" data-id=\"6fa4ca0\" data-element_type=\"section\" data-e-type=\"section\">\n\t\t\t\t\t\t<div class=\"elementor-container elementor-column-gap-default\">\n\t\t\t\t\t<div class=\"elementor-column elementor-col-50 elementor-inner-column elementor-element elementor-element-a2c2abf\" data-id=\"a2c2abf\" data-element_type=\"column\" data-e-type=\"column\">\n\t\t\t<div class=\"elementor-widget-wrap elementor-element-populated\">\n\t\t\t\t\t\t<div class=\"elementor-element elementor-element-3b129d3 elementor-widget elementor-widget-image\" data-id=\"3b129d3\" data-element_type=\"widget\" data-e-type=\"widget\" data-widget_type=\"image.default\">\n\t\t\t\t<div class=\"elementor-widget-container\">\n\t\t\t\t\t\t\t\t\t\t\t\t\t\t\t<img fetchpriority=\"high\" decoding=\"async\" width=\"1024\" height=\"768\" src=\"https:\/\/www.vuokrausliike.fi\/wp-content\/uploads\/2019\/08\/IMG-6774-1-1024x768.jpg\" class=\"attachment-large size-large wp-image-761\" alt=\"\" srcset=\"https:\/\/www.vuokrausliike.fi\/wp-content\/uploads\/2019\/08\/IMG-6774-1-1024x768.jpg 1024w, https:\/\/www.vuokrausliike.fi\/wp-content\/uploads\/2019\/08\/IMG-6774-1-300x225.jpg 300w, https:\/\/www.vuokrausliike.fi\/wp-content\/uploads\/2019\/08\/IMG-6774-1-768x576.jpg 768w\" sizes=\"(max-width: 1024px) 100vw, 1024px\" \/>\t\t\t\t\t\t\t\t\t\t\t\t\t\t\t<\/div>\n\t\t\t\t<\/div>\n\t\t\t\t\t<\/div>\n\t\t<\/div>\n\t\t\t\t<div class=\"elementor-column elementor-col-50 elementor-inner-column elementor-element elementor-element-047e319\" data-id=\"047e319\" data-element_type=\"column\" data-e-type=\"column\">\n\t\t\t<div class=\"elementor-widget-wrap elementor-element-populated\">\n\t\t\t\t\t\t<div class=\"elementor-element elementor-element-38d5e50 elementor-widget elementor-widget-image\" data-id=\"38d5e50\" data-element_type=\"widget\" data-e-type=\"widget\" data-widget_type=\"image.default\">\n\t\t\t\t<div class=\"elementor-widget-container\">\n\t\t\t\t\t\t\t\t\t\t\t\t\t\t\t<img decoding=\"async\" width=\"1024\" height=\"768\" src=\"https:\/\/www.vuokrausliike.fi\/wp-content\/uploads\/2019\/08\/IMG-6764-1-1024x768.jpg\" class=\"attachment-large size-large wp-image-765\" alt=\"\" srcset=\"https:\/\/www.vuokrausliike.fi\/wp-content\/uploads\/2019\/08\/IMG-6764-1-1024x768.jpg 1024w, https:\/\/www.vuokrausliike.fi\/wp-content\/uploads\/2019\/08\/IMG-6764-1-300x225.jpg 300w, https:\/\/www.vuokrausliike.fi\/wp-content\/uploads\/2019\/08\/IMG-6764-1-768x576.jpg 768w\" sizes=\"(max-width: 1024px) 100vw, 1024px\" \/>\t\t\t\t\t\t\t\t\t\t\t\t\t\t\t<\/div>\n\t\t\t\t<\/div>\n\t\t\t\t\t<\/div>\n\t\t<\/div>\n\t\t\t\t\t<\/div>\n\t\t<\/section>\n\t\t\t\t<div class=\"elementor-element elementor-element-55bb826 elementor-widget elementor-widget-text-editor\" data-id=\"55bb826\" data-element_type=\"widget\" data-e-type=\"widget\" data-widget_type=\"text-editor.default\">\n\t\t\t\t<div class=\"elementor-widget-container\">\n\t\t\t\t\t\t\t\t\t<ul><li>Vuokrataan tilava kipillinen kuomuk\u00e4rry. Lavan pituus 3300mm, leveys 1500mm, laidan korkeus 350mm ja sis\u00e4korkeus 1350mm.<\/li><li>Saa vet\u00e4\u00e4 B-kortilla<\/li><\/ul>\t\t\t\t\t\t\t\t<\/div>\n\t\t\t\t<\/div>\n\t\t\t\t<div class=\"elementor-element elementor-element-a91cf61 elementor-widget elementor-widget-heading\" data-id=\"a91cf61\" data-element_type=\"widget\" data-e-type=\"widget\" data-widget_type=\"heading.default\">\n\t\t\t\t<div class=\"elementor-widget-container\">\n\t\t\t\t\t<h2 class=\"elementor-heading-title elementor-size-default\">HINNASTO<\/h2>\t\t\t\t<\/div>\n\t\t\t\t<\/div>\n\t\t\t\t<section class=\"elementor-section elementor-inner-section elementor-element elementor-element-6d4684d elementor-section-boxed elementor-section-height-default elementor-section-height-default\" data-id=\"6d4684d\" data-element_type=\"section\" data-e-type=\"section\">\n\t\t\t\t\t\t<div class=\"elementor-container elementor-column-gap-default\">\n\t\t\t\t\t<div class=\"elementor-column elementor-col-50 elementor-inner-column elementor-element elementor-element-971892a\" data-id=\"971892a\" data-element_type=\"column\" data-e-type=\"column\">\n\t\t\t<div class=\"elementor-widget-wrap elementor-element-populated\">\n\t\t\t\t\t\t<div class=\"elementor-element elementor-element-08b5541 elementor-widget elementor-widget-text-editor\" data-id=\"08b5541\" data-element_type=\"widget\" data-e-type=\"widget\" data-widget_type=\"text-editor.default\">\n\t\t\t\t<div class=\"elementor-widget-container\">\n\t\t\t\t\t\t\t\t\t<p>VUOROKAUSI<br \/>VIIKONLOPPU (PE KLO 15 &#8211; MA KLO 9)<br \/>VIIKKO<\/p>\t\t\t\t\t\t\t\t<\/div>\n\t\t\t\t<\/div>\n\t\t\t\t\t<\/div>\n\t\t<\/div>\n\t\t\t\t<div class=\"elementor-column elementor-col-50 elementor-inner-column elementor-element elementor-element-95bb6cd\" data-id=\"95bb6cd\" data-element_type=\"column\" data-e-type=\"column\">\n\t\t\t<div class=\"elementor-widget-wrap elementor-element-populated\">\n\t\t\t\t\t\t<div class=\"elementor-element elementor-element-edbe392 elementor-widget elementor-widget-text-editor\" data-id=\"edbe392\" data-element_type=\"widget\" data-e-type=\"widget\" data-widget_type=\"text-editor.default\">\n\t\t\t\t<div class=\"elementor-widget-container\">\n\t\t\t\t\t\t\t\t\t<p>30 \u20ac<br \/>60 \u20ac<br \/>120 \u20ac<\/p>\t\t\t\t\t\t\t\t<\/div>\n\t\t\t\t<\/div>\n\t\t\t\t\t<\/div>\n\t\t<\/div>\n\t\t\t\t\t<\/div>\n\t\t<\/section>\n\t\t\t\t<div class=\"elementor-element elementor-element-84ad064 elementor-align-center elementor-widget elementor-widget-button\" data-id=\"84ad064\" data-element_type=\"widget\" data-e-type=\"widget\" data-widget_type=\"button.default\">\n\t\t\t\t<div class=\"elementor-widget-container\">\n\t\t\t\t\t\t\t\t\t<div class=\"elementor-button-wrapper\">\n\t\t\t\t\t<a class=\"elementor-button elementor-button-link elementor-size-sm\" href=\"tel:+358451557044\">\n\t\t\t\t\t\t<span class=\"elementor-button-content-wrapper\">\n\t\t\t\t\t\t\t\t\t<span class=\"elementor-button-text\">SOITA JA VARAA<\/span>\n\t\t\t\t\t<\/span>\n\t\t\t\t\t<\/a>\n\t\t\t\t<\/div>\n\t\t\t\t\t\t\t\t<\/div>\n\t\t\t\t<\/div>\n\t\t\t\t<div class=\"elementor-element elementor-element-6b3f92e gallery-spacing-custom elementor-widget elementor-widget-image-gallery\" data-id=\"6b3f92e\" data-element_type=\"widget\" data-e-type=\"widget\" data-widget_type=\"image-gallery.default\">\n\t\t\t\t<div class=\"elementor-widget-container\">\n\t\t\t\t\t\t\t<div class=\"elementor-image-gallery\">\n\t\t\t<div id='gallery-1' class='gallery galleryid-759 gallery-columns-3 gallery-size-thumbnail'><figure class='gallery-item'>\n\t\t\t<div class='gallery-icon landscape'>\n\t\t\t\t<a data-elementor-open-lightbox=\"yes\" data-elementor-lightbox-slideshow=\"6b3f92e\" data-elementor-lightbox-title=\"IMG-6762 (1)\" data-e-action-hash=\"#elementor-action%3Aaction%3Dlightbox%26settings%3DeyJpZCI6NzY3LCJ1cmwiOiJodHRwczpcL1wvd3d3LnZ1b2tyYXVzbGlpa2UuZmlcL3dwLWNvbnRlbnRcL3VwbG9hZHNcLzIwMTlcLzA4XC9JTUctNjc2Mi0xLmpwZyIsInNsaWRlc2hvdyI6IjZiM2Y5MmUifQ%3D%3D\" href='https:\/\/www.vuokrausliike.fi\/wp-content\/uploads\/2019\/08\/IMG-6762-1.jpg'><img decoding=\"async\" width=\"150\" height=\"150\" src=\"https:\/\/www.vuokrausliike.fi\/wp-content\/uploads\/2019\/08\/IMG-6762-1-150x150.jpg\" class=\"attachment-thumbnail size-thumbnail\" alt=\"\" \/><\/a>\n\t\t\t<\/div><\/figure><figure class='gallery-item'>\n\t\t\t<div class='gallery-icon landscape'>\n\t\t\t\t<a data-elementor-open-lightbox=\"yes\" data-elementor-lightbox-slideshow=\"6b3f92e\" data-elementor-lightbox-title=\"IMG-6763 (1)\" data-e-action-hash=\"#elementor-action%3Aaction%3Dlightbox%26settings%3DeyJpZCI6NzY2LCJ1cmwiOiJodHRwczpcL1wvd3d3LnZ1b2tyYXVzbGlpa2UuZmlcL3dwLWNvbnRlbnRcL3VwbG9hZHNcLzIwMTlcLzA4XC9JTUctNjc2My0xLmpwZyIsInNsaWRlc2hvdyI6IjZiM2Y5MmUifQ%3D%3D\" href='https:\/\/www.vuokrausliike.fi\/wp-content\/uploads\/2019\/08\/IMG-6763-1.jpg'><img loading=\"lazy\" decoding=\"async\" width=\"150\" height=\"150\" src=\"https:\/\/www.vuokrausliike.fi\/wp-content\/uploads\/2019\/08\/IMG-6763-1-150x150.jpg\" class=\"attachment-thumbnail size-thumbnail\" alt=\"\" \/><\/a>\n\t\t\t<\/div><\/figure><figure class='gallery-item'>\n\t\t\t<div class='gallery-icon landscape'>\n\t\t\t\t<a data-elementor-open-lightbox=\"yes\" data-elementor-lightbox-slideshow=\"6b3f92e\" data-elementor-lightbox-title=\"IMG-6764 (1)\" data-e-action-hash=\"#elementor-action%3Aaction%3Dlightbox%26settings%3DeyJpZCI6NzY1LCJ1cmwiOiJodHRwczpcL1wvd3d3LnZ1b2tyYXVzbGlpa2UuZmlcL3dwLWNvbnRlbnRcL3VwbG9hZHNcLzIwMTlcLzA4XC9JTUctNjc2NC0xLmpwZyIsInNsaWRlc2hvdyI6IjZiM2Y5MmUifQ%3D%3D\" href='https:\/\/www.vuokrausliike.fi\/wp-content\/uploads\/2019\/08\/IMG-6764-1.jpg'><img loading=\"lazy\" decoding=\"async\" width=\"150\" height=\"150\" src=\"https:\/\/www.vuokrausliike.fi\/wp-content\/uploads\/2019\/08\/IMG-6764-1-150x150.jpg\" class=\"attachment-thumbnail size-thumbnail\" alt=\"\" \/><\/a>\n\t\t\t<\/div><\/figure><figure class='gallery-item'>\n\t\t\t<div class='gallery-icon landscape'>\n\t\t\t\t<a data-elementor-open-lightbox=\"yes\" data-elementor-lightbox-slideshow=\"6b3f92e\" data-elementor-lightbox-title=\"IMG-6765 (1)\" data-e-action-hash=\"#elementor-action%3Aaction%3Dlightbox%26settings%3DeyJpZCI6NzY0LCJ1cmwiOiJodHRwczpcL1wvd3d3LnZ1b2tyYXVzbGlpa2UuZmlcL3dwLWNvbnRlbnRcL3VwbG9hZHNcLzIwMTlcLzA4XC9JTUctNjc2NS0xLmpwZyIsInNsaWRlc2hvdyI6IjZiM2Y5MmUifQ%3D%3D\" href='https:\/\/www.vuokrausliike.fi\/wp-content\/uploads\/2019\/08\/IMG-6765-1.jpg'><img loading=\"lazy\" decoding=\"async\" width=\"150\" height=\"150\" src=\"https:\/\/www.vuokrausliike.fi\/wp-content\/uploads\/2019\/08\/IMG-6765-1-150x150.jpg\" class=\"attachment-thumbnail size-thumbnail\" alt=\"\" \/><\/a>\n\t\t\t<\/div><\/figure><figure class='gallery-item'>\n\t\t\t<div class='gallery-icon landscape'>\n\t\t\t\t<a data-elementor-open-lightbox=\"yes\" data-elementor-lightbox-slideshow=\"6b3f92e\" data-elementor-lightbox-title=\"IMG-6771 (1)\" data-e-action-hash=\"#elementor-action%3Aaction%3Dlightbox%26settings%3DeyJpZCI6NzYzLCJ1cmwiOiJodHRwczpcL1wvd3d3LnZ1b2tyYXVzbGlpa2UuZmlcL3dwLWNvbnRlbnRcL3VwbG9hZHNcLzIwMTlcLzA4XC9JTUctNjc3MS0xLmpwZyIsInNsaWRlc2hvdyI6IjZiM2Y5MmUifQ%3D%3D\" href='https:\/\/www.vuokrausliike.fi\/wp-content\/uploads\/2019\/08\/IMG-6771-1.jpg'><img loading=\"lazy\" decoding=\"async\" width=\"150\" height=\"150\" src=\"https:\/\/www.vuokrausliike.fi\/wp-content\/uploads\/2019\/08\/IMG-6771-1-150x150.jpg\" class=\"attachment-thumbnail size-thumbnail\" alt=\"\" \/><\/a>\n\t\t\t<\/div><\/figure><figure class='gallery-item'>\n\t\t\t<div class='gallery-icon landscape'>\n\t\t\t\t<a data-elementor-open-lightbox=\"yes\" data-elementor-lightbox-slideshow=\"6b3f92e\" data-elementor-lightbox-title=\"IMG-6773 (1)\" data-e-action-hash=\"#elementor-action%3Aaction%3Dlightbox%26settings%3DeyJpZCI6NzYyLCJ1cmwiOiJodHRwczpcL1wvd3d3LnZ1b2tyYXVzbGlpa2UuZmlcL3dwLWNvbnRlbnRcL3VwbG9hZHNcLzIwMTlcLzA4XC9JTUctNjc3My0xLmpwZyIsInNsaWRlc2hvdyI6IjZiM2Y5MmUifQ%3D%3D\" href='https:\/\/www.vuokrausliike.fi\/wp-content\/uploads\/2019\/08\/IMG-6773-1.jpg'><img loading=\"lazy\" decoding=\"async\" width=\"150\" height=\"150\" src=\"https:\/\/www.vuokrausliike.fi\/wp-content\/uploads\/2019\/08\/IMG-6773-1-150x150.jpg\" class=\"attachment-thumbnail size-thumbnail\" alt=\"\" \/><\/a>\n\t\t\t<\/div><\/figure>\n\t\t<\/div>\n\t\t<\/div>\n\t\t\t\t\t\t<\/div>\n\t\t\t\t<\/div>\n\t\t\t\t<div class=\"elementor-element elementor-element-1cc3a2d elementor-widget elementor-widget-heading\" data-id=\"1cc3a2d\" data-element_type=\"widget\" data-e-type=\"widget\" data-widget_type=\"heading.default\">\n\t\t\t\t<div class=\"elementor-widget-container\">\n\t\t\t\t\t<h1 class=\"elementor-heading-title elementor-size-xl\"><br>LIS\u00c4TIEDOT:<\/h1>\t\t\t\t<\/div>\n\t\t\t\t<\/div>\n\t\t\t\t<div class=\"elementor-element elementor-element-3de1a94 elementor-widget elementor-widget-text-editor\" data-id=\"3de1a94\" data-element_type=\"widget\" data-e-type=\"widget\" data-widget_type=\"text-editor.default\">\n\t\t\t\t<div class=\"elementor-widget-container\">\n\t\t\t\t\t\t\t\t\t<ul><li style=\"text-align: left;\">Lava 1500 x 3300.<\/li><li style=\"text-align: left;\">Laita 350 mm.<\/li><li style=\"text-align: left;\">KOTIMAINEN Gansi kuomu, 100cm korkea, J\u00e4m\u00e4kk\u00e4 polyeteenikuomu jossa on TILAA. Kuomun yli menev\u00e4t j\u00e4ykisteet sek\u00e4 sis\u00e4ll\u00e4 alareunassa oleva sinkitty putkikehys tekev\u00e4t kuomusta eritt\u00e4in ryhdikk\u00e4\u00e4n ja kest\u00e4v\u00e4n. KOTIMAISTA HUIPPULAATUA JA MODERNIA MUOTOILUA.<\/li><li style=\"text-align: left;\">T\u00e4ss\u00e4 vaunussa sis\u00e4korkeus 135 cm.<\/li><li style=\"text-align: left;\">Valmistusmateriaali, rautaruukin kuumasinkittyter\u00e4s.<\/li><li style=\"text-align: left;\">Kippi kaasujousella. (700nm).<\/li><li style=\"text-align: left;\">Ajosilta takalaita saranoituna, filmivaneerilla vahvistettu. Helppo ajaa vaunuun esim. m\u00f6nki\u00e4n tai kelkanajosiltatakalaidan ja kaasujousitoimisen kipin ansiosta.<\/li><li style=\"text-align: left;\">Etulaidan irroitus onnistuu vaunusta kuomun ollessa paikalla, pitk\u00e4n tavaran kuljetus on helppoa ja turvallista.<\/li><li style=\"text-align: left;\">Nokkapy\u00f6r\u00e4, malli knott metallivanteella.<\/li><li style=\"text-align: left;\">KOKONISPAINO 825 kg.<\/li><li style=\"text-align: left;\">Kantavuus 525 Kg. (akseli 450 + aisa 75 kg)<\/li><li style=\"text-align: left;\">Renkaat 155\/80 r 13 M+S.<\/li><li style=\"text-align: left;\">7 napainen pistoke.<\/li><li style=\"text-align: left;\">HUOLTOVAPAA JA VESITIIVIS, Kompaktilaakerilla oleva Knott aksila.<\/li><li style=\"text-align: left;\">Lehtijouset + kaasuiskarit. ( parapeli lehtijousi, paras mahdollinen mukavuus akseliston joustoon, jousen rakenteen ansiosta.)<\/li><li style=\"text-align: left;\">Lokasuojat, kuumasinkitty pelli, tukeva pr\u00e4ss\u00e4\u00e4m\u00e4ll\u00e4 tehty.<\/li><li style=\"text-align: left;\">Valot, korkealaatuinen dafa malli pikaliittimill\u00e4.<\/li><li style=\"text-align: left;\">Pohja, 12 mm:n 1 laadun filmivaneri.<\/li><li style=\"text-align: left;\">Sidontapisteet sis\u00e4- ja ulkopuolella, yhteens\u00e4 8 kpl.<\/li><li style=\"text-align: left;\">Vetoaisa, profiili 40x80x2,5, v-malli, uuden e-direktiivin mukaan testattu, My\u00f6nn\u00e4mme aisan kaikille osille 3 vuoden rakennetakuun.<\/li><li style=\"text-align: left;\">Runko, erillisrunko profiili 40x80x1,5, huippuunsa suunniteltu, testattu ja viimmeistelty rakenne.<\/li><\/ul>\t\t\t\t\t\t\t\t<\/div>\n\t\t\t\t<\/div>\n\t\t\t\t<div class=\"elementor-element elementor-element-bbd4f08 elementor-align-center elementor-widget elementor-widget-button\" data-id=\"bbd4f08\" data-element_type=\"widget\" data-e-type=\"widget\" data-widget_type=\"button.default\">\n\t\t\t\t<div class=\"elementor-widget-container\">\n\t\t\t\t\t\t\t\t\t<div class=\"elementor-button-wrapper\">\n\t\t\t\t\t<a class=\"elementor-button elementor-button-link elementor-size-sm\" href=\"tel:+358451557044\">\n\t\t\t\t\t\t<span class=\"elementor-button-content-wrapper\">\n\t\t\t\t\t\t\t\t\t<span class=\"elementor-button-text\">SOITA JA VARAA<\/span>\n\t\t\t\t\t<\/span>\n\t\t\t\t\t<\/a>\n\t\t\t\t<\/div>\n\t\t\t\t\t\t\t\t<\/div>\n\t\t\t\t<\/div>\n\t\t\t\t\t<\/div>\n\t\t<\/div>\n\t\t\t\t<div class=\"elementor-column elementor-col-33 elementor-top-column elementor-element elementor-element-2fdf57ef\" data-id=\"2fdf57ef\" data-element_type=\"column\" data-e-type=\"column\">\n\t\t\t<div class=\"elementor-widget-wrap\">\n\t\t\t\t\t\t\t<\/div>\n\t\t<\/div>\n\t\t\t\t\t<\/div>\n\t\t<\/section>\n\t\t\t\t<\/div>\n\t\t","protected":false},"excerpt":{"rendered":"<p>Kuomuk\u00e4rry JT-Trailer 330K Vuokrataan tilava kipillinen kuomuk\u00e4rry. Lavan pituus 3300mm, leveys 1500mm, laidan korkeus 350mm ja sis\u00e4korkeus 1350mm. Saa vet\u00e4\u00e4 B-kortilla HINNASTO VUOROKAUSIVIIKONLOPPU (PE KLO 15 &#8211; MA KLO 9)VIIKKO 30 \u20ac60 \u20ac120 \u20ac SOITA JA VARAA LIS\u00c4TIEDOT: Lava 1500 x 3300. Laita 350 mm. KOTIMAINEN Gansi kuomu, 100cm korkea, J\u00e4m\u00e4kk\u00e4 polyeteenikuomu jossa on TILAA. [&hellip;]<\/p>\n","protected":false},"author":1,"featured_media":0,"parent":0,"menu_order":0,"comment_status":"closed","ping_status":"closed","template":"elementor_header_footer","meta":{"zakra_page_container_layout":"customizer","zakra_page_sidebar_layout":"customizer","zakra_remove_content_margin":false,"zakra_sidebar":"customizer","zakra_transparent_header":"0","zakra_logo":0,"zakra_main_header_style":"default","zakra_menu_item_color":"#fb5012","zakra_menu_item_hover_color":"#3ea596","zakra_menu_item_active_color":"#fb5012","zakra_menu_active_style":"style-2","zakra_page_header":false,"_exactmetrics_skip_tracking":false,"_exactmetrics_sitenote_active":false,"_exactmetrics_sitenote_note":"","_exactmetrics_sitenote_category":0,"footnotes":""},"class_list":["post-759","page","type-page","status-publish","hentry"],"_links":{"self":[{"href":"https:\/\/www.vuokrausliike.fi\/index.php\/wp-json\/wp\/v2\/pages\/759","targetHints":{"allow":["GET"]}}],"collection":[{"href":"https:\/\/www.vuokrausliike.fi\/index.php\/wp-json\/wp\/v2\/pages"}],"about":[{"href":"https:\/\/www.vuokrausliike.fi\/index.php\/wp-json\/wp\/v2\/types\/page"}],"author":[{"embeddable":true,"href":"https:\/\/www.vuokrausliike.fi\/index.php\/wp-json\/wp\/v2\/users\/1"}],"replies":[{"embeddable":true,"href":"https:\/\/www.vuokrausliike.fi\/index.php\/wp-json\/wp\/v2\/comments?post=759"}],"version-history":[{"count":12,"href":"https:\/\/www.vuokrausliike.fi\/index.php\/wp-json\/wp\/v2\/pages\/759\/revisions"}],"predecessor-version":[{"id":884,"href":"https:\/\/www.vuokrausliike.fi\/index.php\/wp-json\/wp\/v2\/pages\/759\/revisions\/884"}],"wp:attachment":[{"href":"https:\/\/www.vuokrausliike.fi\/index.php\/wp-json\/wp\/v2\/media?parent=759"}],"curies":[{"name":"wp","href":"https:\/\/api.w.org\/{rel}","templated":true}]}}