{"id":574,"date":"2019-04-28T12:20:46","date_gmt":"2019-04-28T12:20:46","guid":{"rendered":"https:\/\/vuokrausliike.fi\/?page_id=574"},"modified":"2026-04-16T07:13:16","modified_gmt":"2026-04-16T07:13:16","slug":"moottorikelkat","status":"publish","type":"page","link":"https:\/\/www.vuokrausliike.fi\/index.php\/moottorikelkat\/","title":{"rendered":"MOOTTORIKELKAT"},"content":{"rendered":"\t\t<div data-elementor-type=\"wp-post\" data-elementor-id=\"574\" class=\"elementor elementor-574\">\n\t\t\t\t\t\t<section class=\"elementor-section elementor-top-section elementor-element elementor-element-e471cfd elementor-section-stretched elementor-section-boxed elementor-section-height-default elementor-section-height-default\" data-id=\"e471cfd\" data-element_type=\"section\" data-e-type=\"section\" data-settings=\"{&quot;stretch_section&quot;:&quot;section-stretched&quot;,&quot;background_background&quot;:&quot;gradient&quot;}\">\n\t\t\t\t\t\t<div class=\"elementor-container elementor-column-gap-default\">\n\t\t\t\t\t<div class=\"elementor-column elementor-col-33 elementor-top-column elementor-element elementor-element-a020d90\" data-id=\"a020d90\" data-element_type=\"column\" data-e-type=\"column\">\n\t\t\t<div class=\"elementor-widget-wrap\">\n\t\t\t\t\t\t\t<\/div>\n\t\t<\/div>\n\t\t\t\t<div class=\"elementor-column elementor-col-33 elementor-top-column elementor-element elementor-element-3b829a3\" data-id=\"3b829a3\" data-element_type=\"column\" data-e-type=\"column\">\n\t\t\t<div class=\"elementor-widget-wrap elementor-element-populated\">\n\t\t\t\t\t\t<div class=\"elementor-element elementor-element-5357501 elementor-widget elementor-widget-heading\" data-id=\"5357501\" data-element_type=\"widget\" data-e-type=\"widget\" data-widget_type=\"heading.default\">\n\t\t\t\t<div class=\"elementor-widget-container\">\n\t\t\t\t\t<h1 class=\"elementor-heading-title elementor-size-xl\">MOOTTORIKELKAT<\/h1>\t\t\t\t<\/div>\n\t\t\t\t<\/div>\n\t\t\t\t<div class=\"elementor-element elementor-element-b107871 elementor-widget elementor-widget-text-editor\" data-id=\"b107871\" data-element_type=\"widget\" data-e-type=\"widget\" data-widget_type=\"text-editor.default\">\n\t\t\t\t<div class=\"elementor-widget-container\">\n\t\t\t\t\t\t\t\t\t<p>Laadukkaat ja hyv\u00e4kuntoiset moottorikelkat vuokralle l\u00f6yd\u00e4t TAHKOLTA osoitteesta Tahkonrinteenkatu<br \/>73310 Tahkovuori. Vuokraamosta p\u00e4\u00e4set helposti suoraan kelkkareitille. Valikoimastamme l\u00f6ytyy Lynx Rave 600R E-TEC ja Lynx Rave 850R E-TEC Sporttikelkkoja jotka sopivat parhaiten sporttiseen reitill\u00e4 ajoon. TahkoRent hoitaa vuokraamisen.<\/p><p>Lis\u00e4tietoja <a href=\"http:\/\/www.tahkorent.fi\">TahkoRent.fi<\/a>\u00a0<a href=\"tel:0505650059\">0505650059<\/a><\/p>\t\t\t\t\t\t\t\t<\/div>\n\t\t\t\t<\/div>\n\t\t\t\t\t<\/div>\n\t\t<\/div>\n\t\t\t\t<div class=\"elementor-column elementor-col-33 elementor-top-column elementor-element elementor-element-b590d11\" data-id=\"b590d11\" data-element_type=\"column\" data-e-type=\"column\">\n\t\t\t<div class=\"elementor-widget-wrap\">\n\t\t\t\t\t\t\t<\/div>\n\t\t<\/div>\n\t\t\t\t\t<\/div>\n\t\t<\/section>\n\t\t\t\t<section class=\"elementor-section elementor-top-section elementor-element elementor-element-df509d2 elementor-section-stretched elementor-section-boxed elementor-section-height-default elementor-section-height-default\" data-id=\"df509d2\" data-element_type=\"section\" data-e-type=\"section\" data-settings=\"{&quot;stretch_section&quot;:&quot;section-stretched&quot;}\">\n\t\t\t\t\t\t<div class=\"elementor-container elementor-column-gap-default\">\n\t\t\t\t\t<div class=\"elementor-column elementor-col-100 elementor-top-column elementor-element elementor-element-92abf9b\" data-id=\"92abf9b\" data-element_type=\"column\" data-e-type=\"column\" data-settings=\"{&quot;background_background&quot;:&quot;classic&quot;}\">\n\t\t\t<div class=\"elementor-widget-wrap elementor-element-populated\">\n\t\t\t\t\t\t<div class=\"elementor-element elementor-element-ed6ed03 elementor-widget elementor-widget-image\" data-id=\"ed6ed03\" data-element_type=\"widget\" data-e-type=\"widget\" data-widget_type=\"image.default\">\n\t\t\t\t<div class=\"elementor-widget-container\">\n\t\t\t\t\t\t\t\t\t\t\t\t\t\t\t\t<a href=\"https:\/\/vuokrausliike.fi\/index.php\/lynx-rave-re-600\/\">\n\t\t\t\t\t\t\t<img fetchpriority=\"high\" decoding=\"async\" width=\"300\" height=\"218\" src=\"https:\/\/www.vuokrausliike.fi\/wp-content\/uploads\/2023\/12\/Lynx-rave-enduro-600R-Etec2024-300x218.png\" class=\"attachment-medium size-medium wp-image-1670\" alt=\"\" srcset=\"https:\/\/www.vuokrausliike.fi\/wp-content\/uploads\/2023\/12\/Lynx-rave-enduro-600R-Etec2024-300x218.png 300w, https:\/\/www.vuokrausliike.fi\/wp-content\/uploads\/2023\/12\/Lynx-rave-enduro-600R-Etec2024.png 661w\" sizes=\"(max-width: 300px) 100vw, 300px\" \/>\t\t\t\t\t\t\t\t<\/a>\n\t\t\t\t\t\t\t\t\t\t\t\t\t\t\t<\/div>\n\t\t\t\t<\/div>\n\t\t\t\t<div class=\"elementor-element elementor-element-64925e3 elementor-widget elementor-widget-heading\" data-id=\"64925e3\" data-element_type=\"widget\" data-e-type=\"widget\" data-widget_type=\"heading.default\">\n\t\t\t\t<div class=\"elementor-widget-container\">\n\t\t\t\t\t<h4 class=\"elementor-heading-title elementor-size-medium\">LYNX RAVE ENDURO E-TEC<\/h4>\t\t\t\t<\/div>\n\t\t\t\t<\/div>\n\t\t\t\t<div class=\"elementor-element elementor-element-3d2d296 elementor-widget elementor-widget-text-editor\" data-id=\"3d2d296\" data-element_type=\"widget\" data-e-type=\"widget\" data-widget_type=\"text-editor.default\">\n\t\t\t\t<div class=\"elementor-widget-container\">\n\t\t\t\t\t\t\t\t\t<p style=\"text-align: center;\">NOPEA URHEILUKELKKA<\/p>\t\t\t\t\t\t\t\t<\/div>\n\t\t\t\t<\/div>\n\t\t\t\t<div class=\"elementor-element elementor-element-060a76b elementor-widget elementor-widget-text-editor\" data-id=\"060a76b\" data-element_type=\"widget\" data-e-type=\"widget\" data-widget_type=\"text-editor.default\">\n\t\t\t\t<div class=\"elementor-widget-container\">\n\t\t\t\t\t\t\t\t\t<p>Vaativan urheilukelkkailijan erikoisty\u00f6kalu enduropoluille ja rajuille reiteille on entist\u00e4 suorituskykyisempi uuden Radien\u00b2-muotoilun ja uudelleen kalibroidun PPS\u00b3 \/ LFS+ -jousituksen my\u00f6t\u00e4. Voittava kokonaisuus rakentuu kilpak\u00e4ytt\u00f6\u00f6n suunnitelluista yksityiskohdista ja erikoislujasta rakenteesta. Vauhdin takaa kierrosherkk\u00e4 Rotax\u00ae 600R E-TEC.<\/p>\t\t\t\t\t\t\t\t<\/div>\n\t\t\t\t<\/div>\n\t\t\t\t\t<\/div>\n\t\t<\/div>\n\t\t\t\t\t<\/div>\n\t\t<\/section>\n\t\t\t\t<\/div>\n\t\t","protected":false},"excerpt":{"rendered":"<p>MOOTTORIKELKAT Laadukkaat ja hyv\u00e4kuntoiset moottorikelkat vuokralle l\u00f6yd\u00e4t TAHKOLTA osoitteesta Tahkonrinteenkatu73310 Tahkovuori. Vuokraamosta p\u00e4\u00e4set helposti suoraan kelkkareitille. Valikoimastamme l\u00f6ytyy Lynx Rave 600R E-TEC ja Lynx Rave 850R E-TEC Sporttikelkkoja jotka sopivat parhaiten sporttiseen reitill\u00e4 ajoon. TahkoRent hoitaa vuokraamisen. Lis\u00e4tietoja TahkoRent.fi\u00a00505650059 LYNX RAVE ENDURO E-TEC NOPEA URHEILUKELKKA Vaativan urheilukelkkailijan erikoisty\u00f6kalu enduropoluille ja rajuille reiteille on entist\u00e4 suorituskykyisempi [&hellip;]<\/p>\n","protected":false},"author":1,"featured_media":0,"parent":0,"menu_order":0,"comment_status":"closed","ping_status":"closed","template":"elementor_header_footer","meta":{"zakra_page_container_layout":"centered","zakra_page_sidebar_layout":"no_sidebar","zakra_remove_content_margin":false,"zakra_sidebar":"customizer","zakra_transparent_header":"0","zakra_logo":0,"zakra_main_header_style":"default","zakra_menu_item_color":"","zakra_menu_item_hover_color":"","zakra_menu_item_active_color":"","zakra_menu_active_style":"style-1","zakra_page_header":false,"_exactmetrics_skip_tracking":false,"_exactmetrics_sitenote_active":false,"_exactmetrics_sitenote_note":"","_exactmetrics_sitenote_category":0,"footnotes":""},"class_list":["post-574","page","type-page","status-publish","hentry"],"_links":{"self":[{"href":"https:\/\/www.vuokrausliike.fi\/index.php\/wp-json\/wp\/v2\/pages\/574","targetHints":{"allow":["GET"]}}],"collection":[{"href":"https:\/\/www.vuokrausliike.fi\/index.php\/wp-json\/wp\/v2\/pages"}],"about":[{"href":"https:\/\/www.vuokrausliike.fi\/index.php\/wp-json\/wp\/v2\/types\/page"}],"author":[{"embeddable":true,"href":"https:\/\/www.vuokrausliike.fi\/index.php\/wp-json\/wp\/v2\/users\/1"}],"replies":[{"embeddable":true,"href":"https:\/\/www.vuokrausliike.fi\/index.php\/wp-json\/wp\/v2\/comments?post=574"}],"version-history":[{"count":203,"href":"https:\/\/www.vuokrausliike.fi\/index.php\/wp-json\/wp\/v2\/pages\/574\/revisions"}],"predecessor-version":[{"id":1857,"href":"https:\/\/www.vuokrausliike.fi\/index.php\/wp-json\/wp\/v2\/pages\/574\/revisions\/1857"}],"wp:attachment":[{"href":"https:\/\/www.vuokrausliike.fi\/index.php\/wp-json\/wp\/v2\/media?parent=574"}],"curies":[{"name":"wp","href":"https:\/\/api.w.org\/{rel}","templated":true}]}}