{"id":547,"date":"2019-04-28T11:08:08","date_gmt":"2019-04-28T11:08:08","guid":{"rendered":"https:\/\/vuokrausliike.fi\/?page_id=547"},"modified":"2024-11-20T15:20:42","modified_gmt":"2024-11-20T15:20:42","slug":"matkailuvaunuja","status":"publish","type":"page","link":"https:\/\/www.vuokrausliike.fi\/index.php\/matkailuvaunuja\/","title":{"rendered":"MATKAILUVAUNUJA"},"content":{"rendered":"\t\t<div data-elementor-type=\"wp-post\" data-elementor-id=\"547\" class=\"elementor elementor-547\">\n\t\t\t\t\t\t<section class=\"elementor-section elementor-top-section elementor-element elementor-element-e471cfd elementor-section-stretched elementor-section-boxed elementor-section-height-default elementor-section-height-default\" data-id=\"e471cfd\" data-element_type=\"section\" data-e-type=\"section\" data-settings=\"{&quot;stretch_section&quot;:&quot;section-stretched&quot;,&quot;background_background&quot;:&quot;gradient&quot;}\">\n\t\t\t\t\t\t<div class=\"elementor-container elementor-column-gap-default\">\n\t\t\t\t\t<div class=\"elementor-column elementor-col-33 elementor-top-column elementor-element elementor-element-a020d90\" data-id=\"a020d90\" data-element_type=\"column\" data-e-type=\"column\">\n\t\t\t<div class=\"elementor-widget-wrap\">\n\t\t\t\t\t\t\t<\/div>\n\t\t<\/div>\n\t\t\t\t<div class=\"elementor-column elementor-col-33 elementor-top-column elementor-element elementor-element-3b829a3\" data-id=\"3b829a3\" data-element_type=\"column\" data-e-type=\"column\">\n\t\t\t<div class=\"elementor-widget-wrap elementor-element-populated\">\n\t\t\t\t\t\t<div class=\"elementor-element elementor-element-5357501 elementor-widget elementor-widget-heading\" data-id=\"5357501\" data-element_type=\"widget\" data-e-type=\"widget\" data-widget_type=\"heading.default\">\n\t\t\t\t<div class=\"elementor-widget-container\">\n\t\t\t\t\t<h1 class=\"elementor-heading-title elementor-size-xl\">MATKAILUAJONEUVOT<\/h1>\t\t\t\t<\/div>\n\t\t\t\t<\/div>\n\t\t\t\t<div class=\"elementor-element elementor-element-b107871 elementor-widget elementor-widget-text-editor\" data-id=\"b107871\" data-element_type=\"widget\" data-e-type=\"widget\" data-widget_type=\"text-editor.default\">\n\t\t\t\t<div class=\"elementor-widget-container\">\n\t\t\t\t\t\t\t\t\t<p>Valikoimastamme l\u00f6yd\u00e4t laadukkaan Knaus matkailuvaunun ja luotettevan 1 + 8 hengen Mercedes-Benz Sprinter pikkubussin! Valitse paras vaihtoehto ja varaa sopiva ajankohta suoraan, tai ota yhteytt\u00e4 &#8211; mietit\u00e4\u00e4n juuri sinulle oikea ratkaisu.<\/p>\t\t\t\t\t\t\t\t<\/div>\n\t\t\t\t<\/div>\n\t\t\t\t\t<\/div>\n\t\t<\/div>\n\t\t\t\t<div class=\"elementor-column elementor-col-33 elementor-top-column elementor-element elementor-element-b590d11\" data-id=\"b590d11\" data-element_type=\"column\" data-e-type=\"column\">\n\t\t\t<div class=\"elementor-widget-wrap\">\n\t\t\t\t\t\t\t<\/div>\n\t\t<\/div>\n\t\t\t\t\t<\/div>\n\t\t<\/section>\n\t\t\t\t<section class=\"elementor-section elementor-top-section elementor-element elementor-element-df509d2 elementor-section-stretched elementor-section-boxed elementor-section-height-default elementor-section-height-default\" data-id=\"df509d2\" data-element_type=\"section\" data-e-type=\"section\" data-settings=\"{&quot;stretch_section&quot;:&quot;section-stretched&quot;}\">\n\t\t\t\t\t\t<div class=\"elementor-container elementor-column-gap-default\">\n\t\t\t\t\t<div class=\"elementor-column elementor-col-50 elementor-top-column elementor-element elementor-element-0af7239\" data-id=\"0af7239\" data-element_type=\"column\" data-e-type=\"column\" data-settings=\"{&quot;background_background&quot;:&quot;classic&quot;}\">\n\t\t\t<div class=\"elementor-widget-wrap elementor-element-populated\">\n\t\t\t\t\t\t<div class=\"elementor-element elementor-element-d1cf8a4 elementor-widget elementor-widget-image\" data-id=\"d1cf8a4\" data-element_type=\"widget\" data-e-type=\"widget\" data-widget_type=\"image.default\">\n\t\t\t\t<div class=\"elementor-widget-container\">\n\t\t\t\t\t\t\t\t\t\t\t\t\t\t\t<img fetchpriority=\"high\" decoding=\"async\" width=\"1628\" height=\"858\" src=\"https:\/\/www.vuokrausliike.fi\/wp-content\/uploads\/2019\/04\/knauswagoni.png\" class=\"attachment-full size-full wp-image-532\" alt=\"\" srcset=\"https:\/\/www.vuokrausliike.fi\/wp-content\/uploads\/2019\/04\/knauswagoni.png 1628w, https:\/\/www.vuokrausliike.fi\/wp-content\/uploads\/2019\/04\/knauswagoni-300x158.png 300w, https:\/\/www.vuokrausliike.fi\/wp-content\/uploads\/2019\/04\/knauswagoni-768x405.png 768w, https:\/\/www.vuokrausliike.fi\/wp-content\/uploads\/2019\/04\/knauswagoni-1024x540.png 1024w\" sizes=\"(max-width: 1628px) 100vw, 1628px\" \/>\t\t\t\t\t\t\t\t\t\t\t\t\t\t\t<\/div>\n\t\t\t\t<\/div>\n\t\t\t\t<div class=\"elementor-element elementor-element-a84d13e elementor-widget elementor-widget-heading\" data-id=\"a84d13e\" data-element_type=\"widget\" data-e-type=\"widget\" data-widget_type=\"heading.default\">\n\t\t\t\t<div class=\"elementor-widget-container\">\n\t\t\t\t\t<h4 class=\"elementor-heading-title elementor-size-medium\">Knaus Sport 500 KD<\/h4>\t\t\t\t<\/div>\n\t\t\t\t<\/div>\n\t\t\t\t<div class=\"elementor-element elementor-element-6f52691 elementor-widget elementor-widget-text-editor\" data-id=\"6f52691\" data-element_type=\"widget\" data-e-type=\"widget\" data-widget_type=\"text-editor.default\">\n\t\t\t\t<div class=\"elementor-widget-container\">\n\t\t\t\t\t\t\t\t\t<p>Suositus: 2 aikuista ja 3 lasta<\/p><p>Maksimi:2 aikuista ja 5 lasta<\/p>\t\t\t\t\t\t\t\t<\/div>\n\t\t\t\t<\/div>\n\t\t\t\t<div class=\"elementor-element elementor-element-2ea75c2 elementor-widget elementor-widget-text-editor\" data-id=\"2ea75c2\" data-element_type=\"widget\" data-e-type=\"widget\" data-widget_type=\"text-editor.default\">\n\t\t\t\t<div class=\"elementor-widget-container\">\n\t\t\t\t\t\t\t\t\t<p>Knaus Sport 500 KD on oikea ratkaisu laadusta tinkim\u00e4tt\u00f6m\u00e4lle matkailun yst\u00e4v\u00e4lle, joka haluaa kaiken kompaktissa paketissa. Kokonaismassa vain 1300kg, jopa seitsem\u00e4ll\u00e4 makuupaikalla varusteltuna.<\/p>\t\t\t\t\t\t\t\t<\/div>\n\t\t\t\t<\/div>\n\t\t\t\t<div class=\"elementor-element elementor-element-482d042 elementor-widget elementor-widget-heading\" data-id=\"482d042\" data-element_type=\"widget\" data-e-type=\"widget\" data-widget_type=\"heading.default\">\n\t\t\t\t<div class=\"elementor-widget-container\">\n\t\t\t\t\t<h2 class=\"elementor-heading-title elementor-size-default\">HINNASTO<\/h2>\t\t\t\t<\/div>\n\t\t\t\t<\/div>\n\t\t\t\t<div class=\"elementor-element elementor-element-7e6733e elementor-widget elementor-widget-text-editor\" data-id=\"7e6733e\" data-element_type=\"widget\" data-e-type=\"widget\" data-widget_type=\"text-editor.default\">\n\t\t\t\t<div class=\"elementor-widget-container\">\n\t\t\t\t\t\t\t\t\t<p style=\"text-align: center;\">70\u20ac\/P\u00e4iv\u00e4\u00a0 390\u20ac\/Viikko<\/p><p style=\"text-align: center;\">Kes\u00e4viikot<br \/>Kes\u00e4-Elokuu (Ma-Ma) 595\u20ac\/Viikko<\/p>\t\t\t\t\t\t\t\t<\/div>\n\t\t\t\t<\/div>\n\t\t\t\t<div class=\"elementor-element elementor-element-3dc78fa elementor-align-center elementor-widget elementor-widget-button\" data-id=\"3dc78fa\" data-element_type=\"widget\" data-e-type=\"widget\" data-widget_type=\"button.default\">\n\t\t\t\t<div class=\"elementor-widget-container\">\n\t\t\t\t\t\t\t\t\t<div class=\"elementor-button-wrapper\">\n\t\t\t\t\t<a class=\"elementor-button elementor-button-link elementor-size-sm\" href=\"https:\/\/vuokrausliike.fi\/index.php\/sport500kd\">\n\t\t\t\t\t\t<span class=\"elementor-button-content-wrapper\">\n\t\t\t\t\t\t\t\t\t<span class=\"elementor-button-text\">KATSO TARKEMMAT TIEDOT<\/span>\n\t\t\t\t\t<\/span>\n\t\t\t\t\t<\/a>\n\t\t\t\t<\/div>\n\t\t\t\t\t\t\t\t<\/div>\n\t\t\t\t<\/div>\n\t\t\t\t\t<\/div>\n\t\t<\/div>\n\t\t\t\t<div class=\"elementor-column elementor-col-50 elementor-top-column elementor-element elementor-element-ba38eb8\" data-id=\"ba38eb8\" data-element_type=\"column\" data-e-type=\"column\" data-settings=\"{&quot;background_background&quot;:&quot;classic&quot;}\">\n\t\t\t<div class=\"elementor-widget-wrap elementor-element-populated\">\n\t\t\t\t\t\t<div class=\"elementor-element elementor-element-912ceca elementor-widget elementor-widget-image\" data-id=\"912ceca\" data-element_type=\"widget\" data-e-type=\"widget\" data-widget_type=\"image.default\">\n\t\t\t\t<div class=\"elementor-widget-container\">\n\t\t\t\t\t\t\t\t\t\t\t\t\t\t\t<img decoding=\"async\" width=\"2560\" height=\"1920\" src=\"https:\/\/www.vuokrausliike.fi\/wp-content\/uploads\/2024\/11\/IMG_4654-scaled.jpg\" class=\"attachment-full size-full wp-image-1719\" alt=\"\" srcset=\"https:\/\/www.vuokrausliike.fi\/wp-content\/uploads\/2024\/11\/IMG_4654-scaled.jpg 2560w, https:\/\/www.vuokrausliike.fi\/wp-content\/uploads\/2024\/11\/IMG_4654-300x225.jpg 300w, https:\/\/www.vuokrausliike.fi\/wp-content\/uploads\/2024\/11\/IMG_4654-1024x768.jpg 1024w, https:\/\/www.vuokrausliike.fi\/wp-content\/uploads\/2024\/11\/IMG_4654-768x576.jpg 768w, https:\/\/www.vuokrausliike.fi\/wp-content\/uploads\/2024\/11\/IMG_4654-1536x1152.jpg 1536w, https:\/\/www.vuokrausliike.fi\/wp-content\/uploads\/2024\/11\/IMG_4654-2048x1536.jpg 2048w\" sizes=\"(max-width: 2560px) 100vw, 2560px\" \/>\t\t\t\t\t\t\t\t\t\t\t\t\t\t\t<\/div>\n\t\t\t\t<\/div>\n\t\t\t\t<div class=\"elementor-element elementor-element-25ee2c1 elementor-widget elementor-widget-heading\" data-id=\"25ee2c1\" data-element_type=\"widget\" data-e-type=\"widget\" data-widget_type=\"heading.default\">\n\t\t\t\t<div class=\"elementor-widget-container\">\n\t\t\t\t\t<h4 class=\"elementor-heading-title elementor-size-medium\">Mercedes-Benz Sprinter pikkubussi \/ matkailuauto<\/h4>\t\t\t\t<\/div>\n\t\t\t\t<\/div>\n\t\t\t\t<div class=\"elementor-element elementor-element-a6617a0 elementor-widget elementor-widget-text-editor\" data-id=\"a6617a0\" data-element_type=\"widget\" data-e-type=\"widget\" data-widget_type=\"text-editor.default\">\n\t\t\t\t<div class=\"elementor-widget-container\">\n\t\t\t\t\t\t\t\t\t<p>1 + 8 Henkil\u00f6\u00e4<\/p>\t\t\t\t\t\t\t\t<\/div>\n\t\t\t\t<\/div>\n\t\t\t\t<div class=\"elementor-element elementor-element-d5c999e elementor-widget elementor-widget-text-editor\" data-id=\"d5c999e\" data-element_type=\"widget\" data-e-type=\"widget\" data-widget_type=\"text-editor.default\">\n\t\t\t\t<div class=\"elementor-widget-container\">\n\t\t\t\t\t\t\t\t\t<p><span style=\"color: var( --e-global-color-text ); font-style: inherit; font-weight: inherit;\">Olipa tarve joukkuueelle, lomareissulle, polttareihin tai tyky-p\u00e4iville niin t\u00e4ss\u00e4 erinomainen pikku-bussi \/ matkailuauto matkalle!<\/span><\/p>\t\t\t\t\t\t\t\t<\/div>\n\t\t\t\t<\/div>\n\t\t\t\t<div class=\"elementor-element elementor-element-de4e5d5 elementor-widget elementor-widget-heading\" data-id=\"de4e5d5\" data-element_type=\"widget\" data-e-type=\"widget\" data-widget_type=\"heading.default\">\n\t\t\t\t<div class=\"elementor-widget-container\">\n\t\t\t\t\t<h2 class=\"elementor-heading-title elementor-size-default\">HINNASTO<\/h2>\t\t\t\t<\/div>\n\t\t\t\t<\/div>\n\t\t\t\t<div class=\"elementor-element elementor-element-828add1 elementor-widget elementor-widget-text-editor\" data-id=\"828add1\" data-element_type=\"widget\" data-e-type=\"widget\" data-widget_type=\"text-editor.default\">\n\t\t\t\t<div class=\"elementor-widget-container\">\n\t\t\t\t\t\t\t\t\t<p style=\"text-align: center;\">109\u20ac\/p\u00e4iv\u00e4 (P\u00e4iv\u00e4t\u00a0<span style=\"font-style: inherit; font-weight: inherit; color: var( --e-global-color-text ); font-family: var( --e-global-typography-text-font-family ), Sans-serif;\">1-3)<\/span><\/p><p style=\"text-align: center;\">89\u20ac\/p\u00e4iv\u00e4 (4-eteenp\u00e4in)<\/p>\t\t\t\t\t\t\t\t<\/div>\n\t\t\t\t<\/div>\n\t\t\t\t<div class=\"elementor-element elementor-element-6f61ec6 elementor-align-center elementor-widget elementor-widget-button\" data-id=\"6f61ec6\" data-element_type=\"widget\" data-e-type=\"widget\" data-widget_type=\"button.default\">\n\t\t\t\t<div class=\"elementor-widget-container\">\n\t\t\t\t\t\t\t\t\t<div class=\"elementor-button-wrapper\">\n\t\t\t\t\t<a class=\"elementor-button elementor-button-link elementor-size-sm\" href=\"https:\/\/vuokrausliike.fi\/index.php\/mercedes-benz-sprinter\">\n\t\t\t\t\t\t<span class=\"elementor-button-content-wrapper\">\n\t\t\t\t\t\t\t\t\t<span class=\"elementor-button-text\">KATSO TARKEMMAT TIEDOT<\/span>\n\t\t\t\t\t<\/span>\n\t\t\t\t\t<\/a>\n\t\t\t\t<\/div>\n\t\t\t\t\t\t\t\t<\/div>\n\t\t\t\t<\/div>\n\t\t\t\t\t<\/div>\n\t\t<\/div>\n\t\t\t\t\t<\/div>\n\t\t<\/section>\n\t\t\t\t<\/div>\n\t\t","protected":false},"excerpt":{"rendered":"<p>MATKAILUAJONEUVOT Valikoimastamme l\u00f6yd\u00e4t laadukkaan Knaus matkailuvaunun ja luotettevan 1 + 8 hengen Mercedes-Benz Sprinter pikkubussin! Valitse paras vaihtoehto ja varaa sopiva ajankohta suoraan, tai ota yhteytt\u00e4 &#8211; mietit\u00e4\u00e4n juuri sinulle oikea ratkaisu. Knaus Sport 500 KD Suositus: 2 aikuista ja 3 lasta Maksimi:2 aikuista ja 5 lasta Knaus Sport 500 KD on oikea ratkaisu laadusta [&hellip;]<\/p>\n","protected":false},"author":1,"featured_media":0,"parent":0,"menu_order":0,"comment_status":"closed","ping_status":"closed","template":"elementor_header_footer","meta":{"zakra_page_container_layout":"centered","zakra_page_sidebar_layout":"no_sidebar","zakra_remove_content_margin":false,"zakra_sidebar":"customizer","zakra_transparent_header":"0","zakra_logo":0,"zakra_main_header_style":"default","zakra_menu_item_color":"","zakra_menu_item_hover_color":"","zakra_menu_item_active_color":"","zakra_menu_active_style":"style-1","zakra_page_header":false,"_exactmetrics_skip_tracking":false,"_exactmetrics_sitenote_active":false,"_exactmetrics_sitenote_note":"","_exactmetrics_sitenote_category":0,"footnotes":""},"class_list":["post-547","page","type-page","status-publish","hentry"],"_links":{"self":[{"href":"https:\/\/www.vuokrausliike.fi\/index.php\/wp-json\/wp\/v2\/pages\/547","targetHints":{"allow":["GET"]}}],"collection":[{"href":"https:\/\/www.vuokrausliike.fi\/index.php\/wp-json\/wp\/v2\/pages"}],"about":[{"href":"https:\/\/www.vuokrausliike.fi\/index.php\/wp-json\/wp\/v2\/types\/page"}],"author":[{"embeddable":true,"href":"https:\/\/www.vuokrausliike.fi\/index.php\/wp-json\/wp\/v2\/users\/1"}],"replies":[{"embeddable":true,"href":"https:\/\/www.vuokrausliike.fi\/index.php\/wp-json\/wp\/v2\/comments?post=547"}],"version-history":[{"count":113,"href":"https:\/\/www.vuokrausliike.fi\/index.php\/wp-json\/wp\/v2\/pages\/547\/revisions"}],"predecessor-version":[{"id":1778,"href":"https:\/\/www.vuokrausliike.fi\/index.php\/wp-json\/wp\/v2\/pages\/547\/revisions\/1778"}],"wp:attachment":[{"href":"https:\/\/www.vuokrausliike.fi\/index.php\/wp-json\/wp\/v2\/media?parent=547"}],"curies":[{"name":"wp","href":"https:\/\/api.w.org\/{rel}","templated":true}]}}