{"id":1325,"date":"2021-01-22T16:56:11","date_gmt":"2021-01-22T16:56:11","guid":{"rendered":"https:\/\/vuokrausliike.fi\/?page_id=1325"},"modified":"2021-01-27T08:53:09","modified_gmt":"2021-01-27T08:53:09","slug":"vuokrausehdot-moottorikelkat","status":"publish","type":"page","link":"https:\/\/www.vuokrausliike.fi\/index.php\/vuokrausehdot-moottorikelkat\/","title":{"rendered":"VUOKRAUSEHDOT MOOTTORIKELKAT"},"content":{"rendered":"\t\t<div data-elementor-type=\"wp-post\" data-elementor-id=\"1325\" class=\"elementor elementor-1325\">\n\t\t\t\t\t\t<section class=\"elementor-section elementor-top-section elementor-element elementor-element-e471cfd elementor-section-stretched elementor-section-boxed elementor-section-height-default elementor-section-height-default\" data-id=\"e471cfd\" data-element_type=\"section\" data-e-type=\"section\" data-settings=\"{&quot;stretch_section&quot;:&quot;section-stretched&quot;,&quot;background_background&quot;:&quot;gradient&quot;}\">\n\t\t\t\t\t\t<div class=\"elementor-container elementor-column-gap-default\">\n\t\t\t\t\t<div class=\"elementor-column elementor-col-33 elementor-top-column elementor-element elementor-element-a020d90\" data-id=\"a020d90\" data-element_type=\"column\" data-e-type=\"column\">\n\t\t\t<div class=\"elementor-widget-wrap\">\n\t\t\t\t\t\t\t<\/div>\n\t\t<\/div>\n\t\t\t\t<div class=\"elementor-column elementor-col-33 elementor-top-column elementor-element elementor-element-3b829a3\" data-id=\"3b829a3\" data-element_type=\"column\" data-e-type=\"column\">\n\t\t\t<div class=\"elementor-widget-wrap elementor-element-populated\">\n\t\t\t\t\t\t<div class=\"elementor-element elementor-element-5357501 elementor-widget elementor-widget-heading\" data-id=\"5357501\" data-element_type=\"widget\" data-e-type=\"widget\" data-widget_type=\"heading.default\">\n\t\t\t\t<div class=\"elementor-widget-container\">\n\t\t\t\t\t<h1 class=\"elementor-heading-title elementor-size-xl\">VUOKRAUSEHDOT<br>MOOTTORIKELKAT<\/h1>\t\t\t\t<\/div>\n\t\t\t\t<\/div>\n\t\t\t\t<div class=\"elementor-element elementor-element-39e5008 elementor-widget elementor-widget-heading\" data-id=\"39e5008\" data-element_type=\"widget\" data-e-type=\"widget\" data-widget_type=\"heading.default\">\n\t\t\t\t<div class=\"elementor-widget-container\">\n\t\t\t\t\t<h2 class=\"elementor-heading-title elementor-size-default\">1. Ajoneuvon k\u00e4ytt\u00f6<\/h2>\t\t\t\t<\/div>\n\t\t\t\t<\/div>\n\t\t\t\t<div class=\"elementor-element elementor-element-995d657 elementor-widget elementor-widget-text-editor\" data-id=\"995d657\" data-element_type=\"widget\" data-e-type=\"widget\" data-widget_type=\"text-editor.default\">\n\t\t\t\t<div class=\"elementor-widget-container\">\n\t\t\t\t\t\t\t\t\t<p>1. Vuokraaja on velvollinen huolehtimaan ajoneuvosta kuten huolellinen henkil\u00f6 huolehtii omastaan. Vuokraajan tulee noudattaa ajaessaan erityist\u00e4 huolellisuutta ja varovaisuutta. <br \/>2.\u00a0Ajoneuvoa saa kuljettaa ainoastaan vuokraaja, ajoneuvon saa luovuttaa toiselle tai toisen kuljetettavaksi ainoastaan, jos vuokrasopimukseen on merkitty erikseen lupa kyseiselle henkil\u00f6lle. <br \/>3.\u00a0Ajoneuvoa ei saa k\u00e4ytt\u00e4\u00e4 lainvastaisiin tarkoituksiin, kilpailuihin tai niiden harjoituksiin. Ajoneuvoa ei saa k\u00e4ytt\u00e4\u00e4 ajo-opetukseen ilman erillist\u00e4 sopimusta. <br \/>4.\u00a0Ajoneuvo ja sen lis\u00e4varusteet tulee lukita asianmukaisesti pys\u00e4k\u00f6it\u00e4ess\u00e4. <br \/>5.\u00a0Vuokrausliike.fi:n luovuttaessa ajoneuvon vuokraajalle tulee kummankin osapuolen tarkastaa ajoneuvon ulkoinen kunto mahdollisten vaurioiden syntyajankohtaa koskevien ep\u00e4selvyyksien ehk\u00e4isemiseksi. Mahdolliset vauriot tulee merkit\u00e4 sopimukseen. <br \/>6.\u00a0Ajoneuvo luovutetaan tankattuna ja se palautetaan tankattuna. Polttoaine ei sis\u00e4lly vuokrahintaan.<\/p><p>7.\u00a0P\u00e4iv\u00e4n vuokra-aika on vuorokausi (23h) klo 10.00-9.00. Poikkeukselliset vuokrausajat sovittava erikseen ja tulee merkit\u00e4 sopimukseen.<\/p><p>8. vuorokausi vuokra sis\u00e4lt\u00e4\u00e4 kilometrej\u00e4 Max 200km\/p\u00e4iv\u00e4, ylimenev\u00e4 1\u20ac\/km <br \/>9. Vuokraaja sitoutuu noudattamaan Suomen lakia. <br \/>10. Vuokraajalla on oltava v\u00e4hint\u00e4\u00e4n T-luokan ajokortti. <br \/>11. Vuokraajan on oltava v\u00e4hint\u00e4\u00e4n 23-vuotias<\/p>\t\t\t\t\t\t\t\t<\/div>\n\t\t\t\t<\/div>\n\t\t\t\t<div class=\"elementor-element elementor-element-fcff479 elementor-widget elementor-widget-heading\" data-id=\"fcff479\" data-element_type=\"widget\" data-e-type=\"widget\" data-widget_type=\"heading.default\">\n\t\t\t\t<div class=\"elementor-widget-container\">\n\t\t\t\t\t<h2 class=\"elementor-heading-title elementor-size-default\"><span style=\"background-color: transparent\">2. Vastuu ajoneuvosta, sen varusteista ja ajovarusteista vuokra-aikana<\/span><\/h2>\t\t\t\t<\/div>\n\t\t\t\t<\/div>\n\t\t\t\t<div class=\"elementor-element elementor-element-7eb1be9 elementor-widget elementor-widget-text-editor\" data-id=\"7eb1be9\" data-element_type=\"widget\" data-e-type=\"widget\" data-widget_type=\"text-editor.default\">\n\t\t\t\t<div class=\"elementor-widget-container\">\n\t\t\t\t\t\t\t\t\t<p>Vastuu ajoneuvosta, sen varusteista ja ajovarusteista vuokra-aikana <br \/>1.\u00a0Moottorikelkan omavastuu on 800 \u20ac ja vuokraaja on sopimukseen merkityn omavastuun yl\u00e4rajaan saakka velvollinen:<\/p><p>a.\u00a0korvaamaan ajoneuvolle vuokra-aikana sattuneet vahingot <br \/>b. Korvaamaan rikoutuneet ajovarusteet vuokra-aikana kokonaisuudessaan<\/p><p>c. Korvaamaan ajoneuvosta tai ajovarusteista kadonneet osat ja lis\u00e4varusteet. Omavastuu perit\u00e4\u00e4n tarvittaessa ajoneuvon tarkistuksen ja korjausarvion j\u00e4lkeen. (Vuokrauksen aikana syntyneet kolhut ja naarmut pyrit\u00e4\u00e4n aina sopimaan vuokraajan ja vuokranantajan kesken.)<\/p>\t\t\t\t\t\t\t\t<\/div>\n\t\t\t\t<\/div>\n\t\t\t\t<div class=\"elementor-element elementor-element-e532484 elementor-widget elementor-widget-heading\" data-id=\"e532484\" data-element_type=\"widget\" data-e-type=\"widget\" data-widget_type=\"heading.default\">\n\t\t\t\t<div class=\"elementor-widget-container\">\n\t\t\t\t\t<h2 class=\"elementor-heading-title elementor-size-default\">3. Vuokraajan toimenpiteet virhe-, vahinko- ja varkaustapauksissa<\/h2>\t\t\t\t<\/div>\n\t\t\t\t<\/div>\n\t\t\t\t<div class=\"elementor-element elementor-element-76dee5a elementor-widget elementor-widget-text-editor\" data-id=\"76dee5a\" data-element_type=\"widget\" data-e-type=\"widget\" data-widget_type=\"text-editor.default\">\n\t\t\t\t<div class=\"elementor-widget-container\">\n\t\t\t\t\t\t\t\t\t<p>1.\u00a0Vuokraajan on v\u00e4litt\u00f6m\u00e4sti ilmoitettava vuokraamolle ajoneuvossa ilmenneest\u00e4 tai ajoneuvoa kohdanneesta vahingosta tai varkaudesta. Varkaudesta on teht\u00e4v\u00e4 viipym\u00e4tt\u00e4 ilmoitus poliisille. ilmoittaa t\u00e4m\u00e4n j\u00e4lkeen vuokraajalle mihin toimenpiteisiin tapahtuneen johdosta tulee ryhty\u00e4.<\/p><p>2.\u00a0Liikennevahingon sattuessa vuokraaja on aina velvollinen tekem\u00e4\u00e4n viipym\u00e4tt\u00e4 vahinkoilmoituksen vuokraamolle. Ilmoitus tehd\u00e4\u00e4n soittamalla Vuokrausliike.fi:lle numeroon: Mikko 0451557044 tai Sami 0451591656. Syyllisyyden ollessa ep\u00e4selv\u00e4 vuokraajan on ilmoitettava asiasta poliisille. Ilmoitus poliisille on teht\u00e4v\u00e4 aina kun kyseess\u00e4 on henkil\u00f6vahinko. My\u00f6s hirviel\u00e4invahingosta vuokraajan on aina teht\u00e4v\u00e4 ilmoitus poliisille sek\u00e4 toimitettava vuokraamolle poliisin antama todistus tehdyst\u00e4 ilmoituksesta. 0451591656.<\/p><p>3.\u00a0Jos vuokraaja laiminly\u00f6 edell\u00e4 mainittujen ilmoitusten tekemisen h\u00e4n vastaa vuokraamolle siit\u00e4 syntyneest\u00e4 vahingosta.<\/p>\t\t\t\t\t\t\t\t<\/div>\n\t\t\t\t<\/div>\n\t\t\t\t<div class=\"elementor-element elementor-element-3d2ce94 elementor-widget elementor-widget-heading\" data-id=\"3d2ce94\" data-element_type=\"widget\" data-e-type=\"widget\" data-widget_type=\"heading.default\">\n\t\t\t\t<div class=\"elementor-widget-container\">\n\t\t\t\t\t<h2 class=\"elementor-heading-title elementor-size-default\">4. Ajoneuvon palauttaminen sovitun vuokra-ajan p\u00e4\u00e4ttyess\u00e4.<\/h2>\t\t\t\t<\/div>\n\t\t\t\t<\/div>\n\t\t\t\t<div class=\"elementor-element elementor-element-2747f57 elementor-widget elementor-widget-text-editor\" data-id=\"2747f57\" data-element_type=\"widget\" data-e-type=\"widget\" data-widget_type=\"text-editor.default\">\n\t\t\t\t<div class=\"elementor-widget-container\">\n\t\t\t\t\t\t\t\t\t<p>1.\u00a0Ajoneuvo on palautettava sovittuun paikkaan sovitun vuokra-ajan p\u00e4\u00e4ttyess\u00e4. Palautusajan muuttumisesta on riitt\u00e4v\u00e4n ajoissa sovittava vuokraamon kanssa. Sopimuksen mukainen vuokra-aika p\u00e4\u00e4ttyy, kun ajoneuvo on palautettu Vuokrausliike.fi:lle ja ajoneuvo on hyv\u00e4ksytty vastaanotetuksi henkil\u00f6kunnan toimesta.<\/p><p>2.\u00a0Jos ajoneuvoa ei ole palautettu vuokra-ajan p\u00e4\u00e4ttyess\u00e4 eik\u00e4 vuokra-ajan pident\u00e4misest\u00e4 ole sovittu vuokraamon kanssa, asia ilmoitetaan poliisille. Kyseisess\u00e4 tapauksessa vuokraamolla on oikeus peri\u00e4 t\u00e4ysi korvaus aiheutuneista kuluista sek\u00e4 peri\u00e4 vuorokausivuokra jokaiselta alkavalta vuokrausvuorokaudelta korotettuna 50 %.<\/p><p>3. Jos vuokraaja laiminly\u00f6 kohdassa 1. ilmoitetut velvoitteet, vuokraamolla on oikeus peri\u00e4 kohtuullinen korvaus laiminly\u00f6nnin vuokraamolle aiheuttamista taloudellisista menetyksist\u00e4.<\/p>\t\t\t\t\t\t\t\t<\/div>\n\t\t\t\t<\/div>\n\t\t\t\t<div class=\"elementor-element elementor-element-54895ce elementor-widget elementor-widget-heading\" data-id=\"54895ce\" data-element_type=\"widget\" data-e-type=\"widget\" data-widget_type=\"heading.default\">\n\t\t\t\t<div class=\"elementor-widget-container\">\n\t\t\t\t\t<h2 class=\"elementor-heading-title elementor-size-default\">5. Sopimuksen purkautuminen \/ Peruuttaminen<\/h2>\t\t\t\t<\/div>\n\t\t\t\t<\/div>\n\t\t\t\t<div class=\"elementor-element elementor-element-56eecd1 elementor-widget elementor-widget-text-editor\" data-id=\"56eecd1\" data-element_type=\"widget\" data-e-type=\"widget\" data-widget_type=\"text-editor.default\">\n\t\t\t\t<div class=\"elementor-widget-container\">\n\t\t\t\t\t\t\t\t\t<p>1. Vuokrausliike.fi on oikeus vuokra-ajan kuluessa purkaa t\u00e4m\u00e4 sopimus, jos k\u00e4y ilmi, ett\u00e4 vuokraaja rikkoo olennaisesti t\u00e4t\u00e4 sopimusta tai ett\u00e4 vuokraaja ei vuokraamon arvion mukaan kykene k\u00e4sittelem\u00e4\u00e4n ajoneuvoa asianmukaisesti.<\/p><p>2.\u00a0Vuokraajan vastuu kaikesta vahingosta: Jos ajoneuvolle aiheutuneet vahingot ovat seurausta vuokraajan tahallisuudesta, t\u00f6rke\u00e4st\u00e4 tuottamuksesta, ajoneuvon k\u00e4ytt\u00e4misest\u00e4 alkoholin tai muun huumaavan aineen vaikutuksen alaisena, rikolliseen tarkoitukseen tai siit\u00e4, ett\u00e4 vuokraaja on muutoin olennaisesti rikkonut t\u00e4m\u00e4n sopimuksen ehtoja, vuokraaja on velvollinen korvaamaan vuokraamolle vahingon kokonaisuudessaan.<\/p><p>3.\u00a0Vuokraajan vapautuminen korvausvastuusta: Vuokraaja vapautuu korvausvastuusta, jos vuokraamo saa t\u00e4yden korvauksen vahingosta vastapuolen liikennevakuutuksen perusteella tai vahingon aiheuttajalta.<\/p><p>4.\u00a0Muut maksuvelvollisuudet: Vuokraaja on velvollinen maksamaan kaikkine kustannuksineen vuokra-aikana ajoneuvon k\u00e4ytt\u00e4misest\u00e4 aiheutuvat sakot, pys\u00e4k\u00f6inti-, ja pys\u00e4k\u00f6intivirhemaksut.<\/p><p>5.\u00a0Moottorikelkkojen variaattorin remmit uusitaan s\u00e4\u00e4nn\u00f6llisin v\u00e4liajoin, joten kulumisen vuoksi remmi ei vaurioidu. Mik\u00e4li remmin joutuu varauksen aikana uusimaan, remmin hinta 100 \u20ac perit\u00e4\u00e4n vuokran lis\u00e4ksi.<\/p>\t\t\t\t\t\t\t\t<\/div>\n\t\t\t\t<\/div>\n\t\t\t\t<div class=\"elementor-element elementor-element-493691c elementor-widget elementor-widget-heading\" data-id=\"493691c\" data-element_type=\"widget\" data-e-type=\"widget\" data-widget_type=\"heading.default\">\n\t\t\t\t<div class=\"elementor-widget-container\">\n\t\t\t\t\t<h2 class=\"elementor-heading-title elementor-size-default\">6. Vuokran maksu<\/h2>\t\t\t\t<\/div>\n\t\t\t\t<\/div>\n\t\t\t\t<div class=\"elementor-element elementor-element-dc32b88 elementor-widget elementor-widget-text-editor\" data-id=\"dc32b88\" data-element_type=\"widget\" data-e-type=\"widget\" data-widget_type=\"text-editor.default\">\n\t\t\t\t<div class=\"elementor-widget-container\">\n\t\t\t\t\t\t\t\t\t<p>1. Varauksen yhteydess\u00e4 maksetaan 30 % varausmaksua, jos varaus on yli kuukauden p\u00e4\u00e4h\u00e4n. <br>2.&nbsp;Loppuvuokra maksetaan viimeist\u00e4\u00e4n 14 vuorokautta ennen, kun ajoneuvo luovutetaan ajoon. <br>3.&nbsp;Mahdolliset lis\u00e4maksut kuten ylikilometrikorvaukset (1\u20ac\/km) perit\u00e4\u00e4n sopimuksen mukaan, kun ajoneuvo palautetaan. <\/p>\n<p>4.&nbsp;Vuokran muusta maksutavasta voidaan sopia ennen vuokrausta tekem\u00e4ll\u00e4 siit\u00e4 merkint\u00e4 vuokrasopimukseen. <\/p>\n<p>5. Vuokravakuus 500\u20ac luottokortilla <\/p>\t\t\t\t\t\t\t\t<\/div>\n\t\t\t\t<\/div>\n\t\t\t\t<div class=\"elementor-element elementor-element-0290bf5 elementor-widget elementor-widget-heading\" data-id=\"0290bf5\" data-element_type=\"widget\" data-e-type=\"widget\" data-widget_type=\"heading.default\">\n\t\t\t\t<div class=\"elementor-widget-container\">\n\t\t\t\t\t<h2 class=\"elementor-heading-title elementor-size-default\">7.Polttoaine ja ajoneuvon hoito<\/h2>\t\t\t\t<\/div>\n\t\t\t\t<\/div>\n\t\t\t\t<div class=\"elementor-element elementor-element-eb1b83f elementor-widget elementor-widget-text-editor\" data-id=\"eb1b83f\" data-element_type=\"widget\" data-e-type=\"widget\" data-widget_type=\"text-editor.default\">\n\t\t\t\t<div class=\"elementor-widget-container\">\n\t\t\t\t\t\t\t\t\t<p>1. Ajoneuvoon soveltuva polttoaine on 98 E-5. Vuokraaja vastaa v\u00e4\u00e4r\u00e4nlaatuisen polttoaineen k\u00e4ytt\u00e4misest\u00e4 aiheutuneista vahingoista. Vuokraaja on vuokra-aikana velvollinen huolehtimaan ajoneuvon normaaleista tarkistuksista, kuten esimerkiksi moottori\u00f6ljyn m\u00e4\u00e4r\u00e4st\u00e4 (Tankattava vain t\u00e4yssynteettist\u00e4 XPS 2T \u00f6ljy\u00e4), j\u00e4\u00e4hdyttimen nesteist\u00e4 yms. Moottorikelkka palautetaan tankki t\u00e4ynn\u00e4. Vajaan tankin tankkauksesta perit\u00e4\u00e4n 40\u20ac maksu ja 2,20\u20ac\/L<\/p><p>2. Vuokraamon purkaessa vuokrasopimuksen vuokraaja on velvollinen palauttamaan ajoneuvon viipym\u00e4tt\u00e4 vuokraamolle. Ajoneuvon vieminen Suomen valtakunnan rajojen ulkopuolelle on kielletty ilman vuokraamon kirjallista lupaa. Vuokraamo p\u00e4\u00e4tt\u00e4\u00e4 mahdollisesta luvan my\u00f6nt\u00e4misest\u00e4 tapauskohtaisesti harkintansa mukaan. Vuokraamo voi peri\u00e4 ennalta sovitun lis\u00e4maksun ajoneuvon ulkomaille viemisen aiheuttamista vakuutuskustannuksista.<\/p><p>3. Vuokralaisella on oikeus perua varaus \/ purkaa t\u00e4m\u00e4 sopimus seuraavien aikarajojen puitteissa. Varauksen peruminen on aina teht\u00e4v\u00e4 kirjallisesti vuokraamolle. Peruutus katsotaan tapahtuneeksi sill\u00e4 hetkell\u00e4, kun tieto on tullut vuokranantajalle. Vuokranantaja on velvollinen vahvistamaan peruutuksen heti sen saatuaan. Mik\u00e4li vahvistusta ei ole tullut 3 arkip\u00e4iv\u00e4n kuluessa peruutuksesta, vuokraajan tulee varmistaa peruutuksen perille meno. Kun varauksen peruminen tapahtuu yli 30 vrk ennen vuokra-ajan alkua, varausmaksu palautetaan, v\u00e4hennettyn\u00e4 80 \u20ac k\u00e4sittelykuluilla. Jos varausmaksu on v\u00e4hemm\u00e4n, varausmaksua ei palauteta. Mik\u00e4li peruminen tapahtuu 29\u201321 vrk ennen vuokra-ajan alkua, varausmaksua (30% vuokrasta) ei palauteta. Jos varaus perutaan 21-14 vrk ennen vuokra-ajan alkua, on vuokralainen velvollinen maksamaan puolet sovitusta vuokrasta. Mik\u00e4li varauksen peruminen tapahtuu my\u00f6hemmin kuin 14 vrk ennen vuokra-ajan alkua, on vuokralainen velvollinen suorittamaan sovitun vuokrahinnan kokonaisuudessaan.<\/p><p>4. Vuokralainen voi perua moottorikelkan vuokrauksen ja saada maksun takaisin toimistomaksu v\u00e4hennettyn\u00e4 (80\u20ac), jos vuokralaisella on esitt\u00e4\u00e4 l\u00e4\u00e4k\u00e4rintodistus sairaudesta tai siihen verrattavasta sairaudesta, ettei voi vuokrata ja ajaa moottorikelkalla.<\/p>\t\t\t\t\t\t\t\t<\/div>\n\t\t\t\t<\/div>\n\t\t\t\t\t<\/div>\n\t\t<\/div>\n\t\t\t\t<div class=\"elementor-column elementor-col-33 elementor-top-column elementor-element elementor-element-b590d11\" data-id=\"b590d11\" data-element_type=\"column\" data-e-type=\"column\">\n\t\t\t<div class=\"elementor-widget-wrap\">\n\t\t\t\t\t\t\t<\/div>\n\t\t<\/div>\n\t\t\t\t\t<\/div>\n\t\t<\/section>\n\t\t\t\t<\/div>\n\t\t","protected":false},"excerpt":{"rendered":"<p>VUOKRAUSEHDOTMOOTTORIKELKAT 1. Ajoneuvon k\u00e4ytt\u00f6 1. Vuokraaja on velvollinen huolehtimaan ajoneuvosta kuten huolellinen henkil\u00f6 huolehtii omastaan. Vuokraajan tulee noudattaa ajaessaan erityist\u00e4 huolellisuutta ja varovaisuutta. 2.\u00a0Ajoneuvoa saa kuljettaa ainoastaan vuokraaja, ajoneuvon saa luovuttaa toiselle tai toisen kuljetettavaksi ainoastaan, jos vuokrasopimukseen on merkitty erikseen lupa kyseiselle henkil\u00f6lle. 3.\u00a0Ajoneuvoa ei saa k\u00e4ytt\u00e4\u00e4 lainvastaisiin tarkoituksiin, kilpailuihin tai niiden harjoituksiin. Ajoneuvoa [&hellip;]<\/p>\n","protected":false},"author":1,"featured_media":0,"parent":0,"menu_order":0,"comment_status":"closed","ping_status":"closed","template":"elementor_header_footer","meta":{"zakra_page_container_layout":"centered","zakra_page_sidebar_layout":"no_sidebar","zakra_remove_content_margin":false,"zakra_sidebar":"customizer","zakra_transparent_header":"0","zakra_logo":0,"zakra_main_header_style":"default","zakra_menu_item_color":"","zakra_menu_item_hover_color":"#3ea596","zakra_menu_item_active_color":"","zakra_menu_active_style":"style-2","zakra_page_header":false,"_exactmetrics_skip_tracking":false,"_exactmetrics_sitenote_active":false,"_exactmetrics_sitenote_note":"","_exactmetrics_sitenote_category":0,"footnotes":""},"class_list":["post-1325","page","type-page","status-publish","hentry"],"_links":{"self":[{"href":"https:\/\/www.vuokrausliike.fi\/index.php\/wp-json\/wp\/v2\/pages\/1325","targetHints":{"allow":["GET"]}}],"collection":[{"href":"https:\/\/www.vuokrausliike.fi\/index.php\/wp-json\/wp\/v2\/pages"}],"about":[{"href":"https:\/\/www.vuokrausliike.fi\/index.php\/wp-json\/wp\/v2\/types\/page"}],"author":[{"embeddable":true,"href":"https:\/\/www.vuokrausliike.fi\/index.php\/wp-json\/wp\/v2\/users\/1"}],"replies":[{"embeddable":true,"href":"https:\/\/www.vuokrausliike.fi\/index.php\/wp-json\/wp\/v2\/comments?post=1325"}],"version-history":[{"count":7,"href":"https:\/\/www.vuokrausliike.fi\/index.php\/wp-json\/wp\/v2\/pages\/1325\/revisions"}],"predecessor-version":[{"id":1346,"href":"https:\/\/www.vuokrausliike.fi\/index.php\/wp-json\/wp\/v2\/pages\/1325\/revisions\/1346"}],"wp:attachment":[{"href":"https:\/\/www.vuokrausliike.fi\/index.php\/wp-json\/wp\/v2\/media?parent=1325"}],"curies":[{"name":"wp","href":"https:\/\/api.w.org\/{rel}","templated":true}]}}