{"id":132,"date":"2018-08-08T05:50:30","date_gmt":"2018-08-08T05:50:30","guid":{"rendered":"https:\/\/demo.themegrill.com\/zakra-business\/?page_id=132"},"modified":"2022-03-04T07:23:43","modified_gmt":"2022-03-04T07:23:43","slug":"sport500kd","status":"publish","type":"page","link":"https:\/\/www.vuokrausliike.fi\/index.php\/sport500kd\/","title":{"rendered":"KNAUS SPORT 500KD"},"content":{"rendered":"\t\t<div data-elementor-type=\"wp-post\" data-elementor-id=\"132\" class=\"elementor elementor-132\">\n\t\t\t\t\t\t<section class=\"elementor-section elementor-top-section elementor-element elementor-element-25cfdff0 elementor-section-stretched elementor-section-boxed elementor-section-height-default elementor-section-height-default\" data-id=\"25cfdff0\" data-element_type=\"section\" data-e-type=\"section\" data-settings=\"{&quot;stretch_section&quot;:&quot;section-stretched&quot;,&quot;background_background&quot;:&quot;gradient&quot;}\">\n\t\t\t\t\t\t<div class=\"elementor-container elementor-column-gap-no\">\n\t\t\t\t\t<div class=\"elementor-column elementor-col-33 elementor-top-column elementor-element elementor-element-56dee71d\" data-id=\"56dee71d\" data-element_type=\"column\" data-e-type=\"column\">\n\t\t\t<div class=\"elementor-widget-wrap\">\n\t\t\t\t\t\t\t<\/div>\n\t\t<\/div>\n\t\t\t\t<div class=\"elementor-column elementor-col-33 elementor-top-column elementor-element elementor-element-5062ea78\" data-id=\"5062ea78\" data-element_type=\"column\" data-e-type=\"column\">\n\t\t\t<div class=\"elementor-widget-wrap elementor-element-populated\">\n\t\t\t\t\t\t<div class=\"elementor-element elementor-element-6c6bcaa2 elementor-widget elementor-widget-heading\" data-id=\"6c6bcaa2\" data-element_type=\"widget\" data-e-type=\"widget\" data-widget_type=\"heading.default\">\n\t\t\t\t<div class=\"elementor-widget-container\">\n\t\t\t\t\t<h1 class=\"elementor-heading-title elementor-size-xl\">KNAUS SPORT 500KD<\/h1>\t\t\t\t<\/div>\n\t\t\t\t<\/div>\n\t\t\t\t<section class=\"elementor-section elementor-inner-section elementor-element elementor-element-6fa4ca0 elementor-section-boxed elementor-section-height-default elementor-section-height-default\" data-id=\"6fa4ca0\" data-element_type=\"section\" data-e-type=\"section\">\n\t\t\t\t\t\t<div class=\"elementor-container elementor-column-gap-default\">\n\t\t\t\t\t<div class=\"elementor-column elementor-col-50 elementor-inner-column elementor-element elementor-element-a2c2abf\" data-id=\"a2c2abf\" data-element_type=\"column\" data-e-type=\"column\">\n\t\t\t<div class=\"elementor-widget-wrap elementor-element-populated\">\n\t\t\t\t\t\t<div class=\"elementor-element elementor-element-3b129d3 elementor-widget elementor-widget-image\" data-id=\"3b129d3\" data-element_type=\"widget\" data-e-type=\"widget\" data-widget_type=\"image.default\">\n\t\t\t\t<div class=\"elementor-widget-container\">\n\t\t\t\t\t\t\t\t\t\t\t\t\t\t\t<img fetchpriority=\"high\" decoding=\"async\" width=\"1024\" height=\"540\" src=\"https:\/\/www.vuokrausliike.fi\/wp-content\/uploads\/2019\/04\/knauswagoni-1024x540.png\" class=\"attachment-large size-large wp-image-532\" alt=\"\" srcset=\"https:\/\/www.vuokrausliike.fi\/wp-content\/uploads\/2019\/04\/knauswagoni-1024x540.png 1024w, https:\/\/www.vuokrausliike.fi\/wp-content\/uploads\/2019\/04\/knauswagoni-300x158.png 300w, https:\/\/www.vuokrausliike.fi\/wp-content\/uploads\/2019\/04\/knauswagoni-768x405.png 768w, https:\/\/www.vuokrausliike.fi\/wp-content\/uploads\/2019\/04\/knauswagoni.png 1628w\" sizes=\"(max-width: 1024px) 100vw, 1024px\" \/>\t\t\t\t\t\t\t\t\t\t\t\t\t\t\t<\/div>\n\t\t\t\t<\/div>\n\t\t\t\t\t<\/div>\n\t\t<\/div>\n\t\t\t\t<div class=\"elementor-column elementor-col-50 elementor-inner-column elementor-element elementor-element-047e319\" data-id=\"047e319\" data-element_type=\"column\" data-e-type=\"column\">\n\t\t\t<div class=\"elementor-widget-wrap elementor-element-populated\">\n\t\t\t\t\t\t<div class=\"elementor-element elementor-element-38d5e50 elementor-widget elementor-widget-image\" data-id=\"38d5e50\" data-element_type=\"widget\" data-e-type=\"widget\" data-widget_type=\"image.default\">\n\t\t\t\t<div class=\"elementor-widget-container\">\n\t\t\t\t\t\t\t\t\t\t\t\t\t\t\t<img decoding=\"async\" width=\"1024\" height=\"567\" src=\"https:\/\/www.vuokrausliike.fi\/wp-content\/uploads\/2019\/04\/pohjapiirros-1024x567.png\" class=\"attachment-large size-large wp-image-533\" alt=\"\" srcset=\"https:\/\/www.vuokrausliike.fi\/wp-content\/uploads\/2019\/04\/pohjapiirros-1024x567.png 1024w, https:\/\/www.vuokrausliike.fi\/wp-content\/uploads\/2019\/04\/pohjapiirros-300x166.png 300w, https:\/\/www.vuokrausliike.fi\/wp-content\/uploads\/2019\/04\/pohjapiirros-768x425.png 768w\" sizes=\"(max-width: 1024px) 100vw, 1024px\" \/>\t\t\t\t\t\t\t\t\t\t\t\t\t\t\t<\/div>\n\t\t\t\t<\/div>\n\t\t\t\t\t<\/div>\n\t\t<\/div>\n\t\t\t\t\t<\/div>\n\t\t<\/section>\n\t\t\t\t<div class=\"elementor-element elementor-element-55bb826 elementor-widget elementor-widget-text-editor\" data-id=\"55bb826\" data-element_type=\"widget\" data-e-type=\"widget\" data-widget_type=\"text-editor.default\">\n\t\t\t\t<div class=\"elementor-widget-container\">\n\t\t\t\t\t\t\t\t\t<p>Nykyaikainen ja tyylik\u00e4s Knaus Sport 500 KD Silver Selection vaunu on varustettu eritt\u00e4in kattavalla varustepaketilla. Jopa 7 hengen vaunussa on 3-kerrosvuode takana pitkitt\u00e4in, parivuode edess\u00e4 poikittain ja p\u00f6yt\u00e4ryhm\u00e4st\u00e4 saat tarvittaessa vuoteen! Kokonaispaino vain 1300kg<\/p>\t\t\t\t\t\t\t\t<\/div>\n\t\t\t\t<\/div>\n\t\t\t\t<div class=\"elementor-element elementor-element-1cc3a2d elementor-widget elementor-widget-heading\" data-id=\"1cc3a2d\" data-element_type=\"widget\" data-e-type=\"widget\" data-widget_type=\"heading.default\">\n\t\t\t\t<div class=\"elementor-widget-container\">\n\t\t\t\t\t<h1 class=\"elementor-heading-title elementor-size-xl\"><br>VUOKRAUSVARUSTUS<\/h1>\t\t\t\t<\/div>\n\t\t\t\t<\/div>\n\t\t\t\t<section class=\"elementor-section elementor-inner-section elementor-element elementor-element-9d5f6dd elementor-section-boxed elementor-section-height-default elementor-section-height-default\" data-id=\"9d5f6dd\" data-element_type=\"section\" data-e-type=\"section\">\n\t\t\t\t\t\t<div class=\"elementor-container elementor-column-gap-default\">\n\t\t\t\t\t<div class=\"elementor-column elementor-col-50 elementor-inner-column elementor-element elementor-element-04eeaa7\" data-id=\"04eeaa7\" data-element_type=\"column\" data-e-type=\"column\">\n\t\t\t<div class=\"elementor-widget-wrap elementor-element-populated\">\n\t\t\t\t\t\t<div class=\"elementor-element elementor-element-cf55dea elementor-widget elementor-widget-text-editor\" data-id=\"cf55dea\" data-element_type=\"widget\" data-e-type=\"widget\" data-widget_type=\"text-editor.default\">\n\t\t\t\t<div class=\"elementor-widget-container\">\n\t\t\t\t\t\t\t\t\t<h4 style=\"text-align: center;\">Vuokraukseen kuuluu:<\/h4><ul><li style=\"text-align: left;\">K\u00e4yt\u00f6n opastus l\u00e4htiess\u00e4<\/li><li style=\"text-align: left;\">Kaasu vuokrauksen ajaksi (l\u00e4htiess\u00e4 vaunussa aina t\u00e4ysi 11kg kaasupullo)<\/li><li style=\"text-align: left;\">Retkikalusteet 4 hengelle<\/li><li style=\"text-align: left;\">Petivaatteet 4 hengelle (4 peittoa ja 4 tyyny\u00e4)<\/li><li style=\"text-align: left;\">Normaali keitti\u00f6varustus (kattilat, paistinpannu, ruoan tekov\u00e4lineet)<\/li><li style=\"text-align: left;\">25m johto ja adapteri s\u00e4hk\u00f6lle<\/li><li style=\"text-align: left;\">Vetoauton lis\u00e4peilit<\/li><li style=\"text-align: left;\">Harmaavesis\u00e4ili\u00f6 25ltr. py\u00f6rill\u00e4<\/li><\/ul><p style=\"text-align: center;\"><a href=\"\/index.php\/vuokrausehdot\">Lis\u00e4tietoja vuokrausehtoihin<\/a><\/p>\t\t\t\t\t\t\t\t<\/div>\n\t\t\t\t<\/div>\n\t\t\t\t\t<\/div>\n\t\t<\/div>\n\t\t\t\t<div class=\"elementor-column elementor-col-50 elementor-inner-column elementor-element elementor-element-20ce2bd\" data-id=\"20ce2bd\" data-element_type=\"column\" data-e-type=\"column\">\n\t\t\t<div class=\"elementor-widget-wrap elementor-element-populated\">\n\t\t\t\t\t\t<div class=\"elementor-element elementor-element-4ed0874 elementor-widget elementor-widget-text-editor\" data-id=\"4ed0874\" data-element_type=\"widget\" data-e-type=\"widget\" data-widget_type=\"text-editor.default\">\n\t\t\t\t<div class=\"elementor-widget-container\">\n\t\t\t\t\t\t\t\t\t<h4 style=\"text-align: center;\">Vaunun varusteet:<\/h4><ul><li style=\"text-align: left;\">Kaasuliesi<\/li><li style=\"text-align: left;\">142 l j\u00e4\u00e4kaappi kaasulla ja s\u00e4hk\u00f6ll\u00e4<\/li><li style=\"text-align: left;\">Mikroaaltouuni (230v)<\/li><li style=\"text-align: left;\">2 vesipistett\u00e4 (keitti\u00f6 ja wc) ja suihku<\/li><li style=\"text-align: left;\">L\u00e4mmin vesi (230v)<\/li><li style=\"text-align: left;\">Trumatic puhallinl\u00e4mmitys s\u00e4hk\u00f6ll\u00e4 ja kaasulla<\/li><li style=\"text-align: left;\">S\u00e4hk\u00f6toiminen lattial\u00e4mitys<\/li><li style=\"text-align: left;\">Akku (riitt\u00e4\u00e4 valaistukseen muutamaksi p\u00e4iv\u00e4ksi)<\/li><li style=\"text-align: left;\">Suuri Heki II -kattoikkuna<\/li><li style=\"text-align: left;\">2 osainen, ikkunallinen ulko-ovi hy\u00f6nteisverkolla<\/li><li style=\"text-align: left;\">Avattavat ikkunat hy\u00f6nteis- ja pimennysverholla<\/li><li style=\"text-align: left;\">Led tunnelmavalaistus<\/li><li style=\"text-align: left;\">Lis\u00e4pistorasiat (sis. USB lataus)<\/li><li style=\"text-align: left;\">Mattosarja<\/li><\/ul>\t\t\t\t\t\t\t\t<\/div>\n\t\t\t\t<\/div>\n\t\t\t\t\t<\/div>\n\t\t<\/div>\n\t\t\t\t\t<\/div>\n\t\t<\/section>\n\t\t\t\t<div class=\"elementor-element elementor-element-73618dd elementor-arrows-position-inside elementor-pagination-position-outside elementor-widget elementor-widget-image-carousel\" data-id=\"73618dd\" data-element_type=\"widget\" data-e-type=\"widget\" data-settings=\"{&quot;navigation&quot;:&quot;both&quot;,&quot;autoplay&quot;:&quot;yes&quot;,&quot;pause_on_hover&quot;:&quot;yes&quot;,&quot;pause_on_interaction&quot;:&quot;yes&quot;,&quot;autoplay_speed&quot;:5000,&quot;infinite&quot;:&quot;yes&quot;,&quot;speed&quot;:500}\" data-widget_type=\"image-carousel.default\">\n\t\t\t\t<div class=\"elementor-widget-container\">\n\t\t\t\t\t\t\t<div class=\"elementor-image-carousel-wrapper swiper\" role=\"region\" aria-roledescription=\"carousel\" aria-label=\"Kuvakaruselli\" dir=\"ltr\">\n\t\t\t<div class=\"elementor-image-carousel swiper-wrapper\" aria-live=\"off\">\n\t\t\t\t\t\t\t\t<div class=\"swiper-slide\" role=\"group\" aria-roledescription=\"slide\" aria-label=\"1 of 7\"><figure class=\"swiper-slide-inner\"><img decoding=\"async\" class=\"swiper-slide-image\" src=\"https:\/\/www.vuokrausliike.fi\/wp-content\/uploads\/elementor\/thumbs\/IMG-6547-ra8hl4u6f3qeyywgx0dsyjxg46bagzcew1moh9b92w.jpg\" alt=\"IMG-6547\" \/><\/figure><\/div><div class=\"swiper-slide\" role=\"group\" aria-roledescription=\"slide\" aria-label=\"2 of 7\"><figure class=\"swiper-slide-inner\"><img decoding=\"async\" class=\"swiper-slide-image\" src=\"https:\/\/www.vuokrausliike.fi\/wp-content\/uploads\/elementor\/thumbs\/IMG-6543-ra8hl2yi1fnubqz77zkjtkeixekk1l4y7sbpipe1fc.jpg\" alt=\"IMG-6543\" \/><\/figure><\/div><div class=\"swiper-slide\" role=\"group\" aria-roledescription=\"slide\" aria-label=\"3 of 7\"><figure class=\"swiper-slide-inner\"><img decoding=\"async\" class=\"swiper-slide-image\" src=\"https:\/\/www.vuokrausliike.fi\/wp-content\/uploads\/elementor\/thumbs\/IMG-0205-ra8hm7dk7b766zchnz1ias7cgz1c8klepcdl5lq3zs.jpg\" alt=\"IMG-0205\" \/><\/figure><\/div><div class=\"swiper-slide\" role=\"group\" aria-roledescription=\"slide\" aria-label=\"4 of 7\"><figure class=\"swiper-slide-inner\"><img decoding=\"async\" class=\"swiper-slide-image\" src=\"https:\/\/www.vuokrausliike.fi\/wp-content\/uploads\/elementor\/thumbs\/IMG-0204-1-ra8hm4k1mt3b85gl4ftmlawyotf8lha7oyf4pruaig.jpg\" alt=\"IMG-0204 (1)\" \/><\/figure><\/div><div class=\"swiper-slide\" role=\"group\" aria-roledescription=\"slide\" aria-label=\"5 of 7\"><figure class=\"swiper-slide-inner\"><img decoding=\"async\" class=\"swiper-slide-image\" src=\"https:\/\/www.vuokrausliike.fi\/wp-content\/uploads\/elementor\/thumbs\/IMG-0203-1-ra8hm2od950qkxjbff0dgbe1i1oi632r0p45r7x2uw.jpg\" alt=\"IMG-0203 (1)\" \/><\/figure><\/div><div class=\"swiper-slide\" role=\"group\" aria-roledescription=\"slide\" aria-label=\"6 of 7\"><figure class=\"swiper-slide-inner\"><img decoding=\"async\" class=\"swiper-slide-image\" src=\"https:\/\/www.vuokrausliike.fi\/wp-content\/uploads\/elementor\/thumbs\/IMG-0202-ra8hm0sovgy5xpm1qe74bbv4b9xrqovacft6snzv7c.jpg\" alt=\"IMG-0202\" \/><\/figure><\/div><div class=\"swiper-slide\" role=\"group\" aria-roledescription=\"slide\" aria-label=\"7 of 7\"><figure class=\"swiper-slide-inner\"><img decoding=\"async\" class=\"swiper-slide-image\" src=\"https:\/\/www.vuokrausliike.fi\/wp-content\/uploads\/elementor\/thumbs\/IMG-0197-ra8hlxz6ayuayvq56uz8lukqj4bo3lk3c1uqcu41q0.jpg\" alt=\"IMG-0197\" \/><\/figure><\/div>\t\t\t<\/div>\n\t\t\t\t\t\t\t\t\t\t\t\t<div class=\"elementor-swiper-button elementor-swiper-button-prev\" role=\"button\" tabindex=\"0\">\n\t\t\t\t\t\t<i aria-hidden=\"true\" class=\"eicon-chevron-left\"><\/i>\t\t\t\t\t<\/div>\n\t\t\t\t\t<div class=\"elementor-swiper-button elementor-swiper-button-next\" role=\"button\" tabindex=\"0\">\n\t\t\t\t\t\t<i aria-hidden=\"true\" class=\"eicon-chevron-right\"><\/i>\t\t\t\t\t<\/div>\n\t\t\t\t\n\t\t\t\t\t\t\t\t\t<div class=\"swiper-pagination\"><\/div>\n\t\t\t\t\t\t\t\t\t<\/div>\n\t\t\t\t\t\t<\/div>\n\t\t\t\t<\/div>\n\t\t\t\t<div class=\"elementor-element elementor-element-6e1c50a elementor-widget elementor-widget-image\" data-id=\"6e1c50a\" data-element_type=\"widget\" data-e-type=\"widget\" data-widget_type=\"image.default\">\n\t\t\t\t<div class=\"elementor-widget-container\">\n\t\t\t\t\t\t\t\t\t\t\t\t\t\t\t\t<a href=\"https:\/\/vuokrausliike.fi\/wp-content\/uploads\/2019\/05\/Screenshot-2019-04-11-11.37.25-1.png\" data-elementor-open-lightbox=\"yes\" data-elementor-lightbox-title=\"Screenshot 2019-04-11 11.37.25 (1)\" data-e-action-hash=\"#elementor-action%3Aaction%3Dlightbox%26settings%3DeyJpZCI6NjE3LCJ1cmwiOiJodHRwczpcL1wvd3d3LnZ1b2tyYXVzbGlpa2UuZmlcL3dwLWNvbnRlbnRcL3VwbG9hZHNcLzIwMTlcLzA1XC9TY3JlZW5zaG90LTIwMTktMDQtMTEtMTEuMzcuMjUtMS5wbmcifQ%3D%3D\">\n\t\t\t\t\t\t\t<img decoding=\"async\" width=\"439\" height=\"488\" src=\"https:\/\/www.vuokrausliike.fi\/wp-content\/uploads\/2019\/05\/Screenshot-2019-04-11-11.37.25-1.png\" class=\"attachment-large size-large wp-image-617\" alt=\"\" srcset=\"https:\/\/www.vuokrausliike.fi\/wp-content\/uploads\/2019\/05\/Screenshot-2019-04-11-11.37.25-1.png 439w, https:\/\/www.vuokrausliike.fi\/wp-content\/uploads\/2019\/05\/Screenshot-2019-04-11-11.37.25-1-270x300.png 270w\" sizes=\"(max-width: 439px) 100vw, 439px\" \/>\t\t\t\t\t\t\t\t<\/a>\n\t\t\t\t\t\t\t\t\t\t\t\t\t\t\t<\/div>\n\t\t\t\t<\/div>\n\t\t\t\t<div class=\"elementor-element elementor-element-0716d65 elementor-widget elementor-widget-image-box\" data-id=\"0716d65\" data-element_type=\"widget\" data-e-type=\"widget\" data-widget_type=\"image-box.default\">\n\t\t\t\t<div class=\"elementor-widget-container\">\n\t\t\t\t\t<div class=\"elementor-image-box-wrapper\"><div class=\"elementor-image-box-content\"><h3 class=\"elementor-image-box-title\">HINNASTO<\/h3><\/div><\/div>\t\t\t\t<\/div>\n\t\t\t\t<\/div>\n\t\t\t\t<div class=\"elementor-element elementor-element-0383a41 elementor-widget elementor-widget-text-editor\" data-id=\"0383a41\" data-element_type=\"widget\" data-e-type=\"widget\" data-widget_type=\"text-editor.default\">\n\t\t\t\t<div class=\"elementor-widget-container\">\n\t\t\t\t\t\t\t\t\t<h5 style=\"text-align: center;\">70\u20ac\/P\u00e4iv\u00e4 (min. 3 vrk.) 390\u20ac\/Viikko<\/h5><h5 style=\"text-align: center;\">Kes\u00e4viikot<br \/>Kes\u00e4-Elokuu (Ma-Ma) 590\u20ac\/Viikko<\/h5>\t\t\t\t\t\t\t\t<\/div>\n\t\t\t\t<\/div>\n\t\t\t\t\t<\/div>\n\t\t<\/div>\n\t\t\t\t<div class=\"elementor-column elementor-col-33 elementor-top-column elementor-element elementor-element-2fdf57ef\" data-id=\"2fdf57ef\" data-element_type=\"column\" data-e-type=\"column\">\n\t\t\t<div class=\"elementor-widget-wrap\">\n\t\t\t\t\t\t\t<\/div>\n\t\t<\/div>\n\t\t\t\t\t<\/div>\n\t\t<\/section>\n\t\t\t\t<section class=\"elementor-section elementor-top-section elementor-element elementor-element-1bf7aa5 elementor-section-boxed elementor-section-height-default elementor-section-height-default\" data-id=\"1bf7aa5\" data-element_type=\"section\" data-e-type=\"section\">\n\t\t\t\t\t\t<div class=\"elementor-container elementor-column-gap-default\">\n\t\t\t\t\t<div class=\"elementor-column elementor-col-100 elementor-top-column elementor-element elementor-element-1a42374\" data-id=\"1a42374\" data-element_type=\"column\" data-e-type=\"column\">\n\t\t\t<div class=\"elementor-widget-wrap elementor-element-populated\">\n\t\t\t\t\t\t<div class=\"elementor-element elementor-element-90f3fd2 elementor-widget elementor-widget-wp-widget-bookingselectwidget\" data-id=\"90f3fd2\" data-element_type=\"widget\" data-e-type=\"widget\" data-widget_type=\"wp-widget-bookingselectwidget.default\">\n\t\t\t\t<div class=\"elementor-widget-container\">\n\t\t\t\t\t<div class='widget_wpdev_booking wpdevelop months_num_in_row_1'><div class=\"wpbc_resource_selection_block\"><div class=\"resource_selection_div wpbc_container wpbc_form wpbc_container_booking_form\"><div class=\"wpbc__field\"><span class=\"wpbc_wrap_select wpdev-form-control-wrap\"><select name=\"active_booking_form\" class=\"active_booking_form\" onchange=\" jQuery(this).parents('.wpbc_resource_selection_block').find('.bk_forms').css('display', 'none');document.getElementById('hided_booking_form' + this.value).style.display='block';\" > <option  selected=\"SELECTED\"  value=\"1\">Knaus Sport 500<\/option> <\/select><\/span><\/div><\/div><div class=\"bk_forms\" id=\"hided_booking_form1\" style=\"display: block;\"> <div id=\"form_id728862571080\" class=\"wpbc_container wpbc_form wpbc_container_booking_form \" ><form id=\"booking_form1\" class=\"booking_form vertical\" method=\"post\" action=\"\"><div id=\"ajax_respond_insert1\" class=\"ajax_respond_insert\" style=\"display:none;\"><\/div><a name=\"bklnk1\" id=\"bklnk1\"><\/a><div id=\"booking_form_div1\" class=\"booking_form_div\"><style type=\"text\/css\">.wpbc_container_booking_form .block_hints, .wpbc_booking_form_simple.wpbc_form_center .wpbc__form__div .wpbc__row.wpbc_r_calendar, .wpbc_booking_form_simple .wpbc__form__div .wpbc__row:not(.wpbc_r_calendar){max-width:440px;} <\/style>\n<div class=\"wpbc_booking_form_simple \">\n<div class=\"wpbc__row\">\n  <div class=\"wpbc__field\">\n    <div class=\"wpbc_calendar_wraper wpbc_change_over_triangle\"><div class=\"wpbc_cal_container bk_calendar_frame wpbc_no_custom_width  months_num_in_row_ cal_month_num_3\" style=\"\"><div id=\"calendar_booking1\"  class=\"wpbc_calendar_id_1\" >\t<div class=\"calendar_loader_frame calendar_loader_frame1\"\r\n\t\tdata-wpbc-rid=\"1\"\r\n\t\tdata-wpbc-grace=\"8000\"\r\n\t\tstyle=\"--wpbc-loader-cols: 3;\"\r\n\t>\r\n\t\t<div class=\"calendar_loader_text\">Loading...<\/div>\r\n\t\t<div class=\"calendar_loader_frame__progress_line_container\">\r\n\t\t\t<div class=\"calendar_loader_frame__progress_line\"><\/div>\r\n\t\t<\/div>\r\n\t<\/div>\r\n\t<\/div><\/div><textarea id=\"date_booking1\" name=\"date_booking1\" autocomplete=\"off\" style=\"display:none;\"><\/textarea><div class=\"block_hints datepick \"><div class=\"wpdev_hint_with_text\"><div class=\"\"><div class=\"datepick-inline wpbc_calendar_legend_table_width_height\"><table class=\"datepick wpbc_calendar\" style=\"\"><tbody><tr><td class=\"datepick-days-cell date_available wpbc_calendar_legend_day_cell_height\"><div class=\"wpbc-cell-box\">\t<div class=\"date-cell-content\">\t\t<div class=\"date-content-top\"><\/div>\t\t<a>&nbsp;<\/a>\t\t<div class=\"date-content-bottom\"><\/div>\t<\/div><\/div><\/td><\/tr><\/tbody><\/table><\/div><\/div><div class=\"block_text\">- <\/div><div class=\"block_text\">Vapaa<\/div><\/div><div class=\"wpdev_hint_with_text\"><div class=\"\"><div class=\"datepick-inline wpbc_calendar_legend_table_width_height\"><table class=\"datepick wpbc_calendar\" style=\"\"><tbody><tr><td class=\"datepick-days-cell datepick-unselectable date_user_unavailable full_day_booking date_approved wpbc_calendar_legend_day_cell_height\"><div class=\"wpbc-cell-box\">\t<div class=\"date-cell-content\">\t\t<div class=\"date-content-top\"><\/div>\t\t<span>&nbsp;<\/span>\t\t<div class=\"date-content-bottom\"><\/div>\t<\/div><\/div><\/td><\/tr><\/tbody><\/table><\/div><\/div><div class=\"block_text\">- <\/div><div class=\"block_text\">Varattu<\/div><\/div><div class=\"wpdev_hint_with_text\"><div class=\"\"><div class=\"datepick-inline wpbc_calendar_legend_table_width_height\"><table class=\"datepick wpbc_calendar\" style=\"\"><tbody><tr><td class=\"datepick-days-cell datepick-unselectable date_user_unavailable full_day_booking date2approve wpbc_calendar_legend_day_cell_height\"><div class=\"wpbc-cell-box\">\t<div class=\"date-cell-content\">\t\t<div class=\"date-content-top\"><\/div>\t\t<span>&nbsp;<\/span>\t\t<div class=\"date-content-bottom\"><\/div>\t<\/div><\/div><\/td><\/tr><\/tbody><\/table><\/div><\/div><div class=\"block_text\">- <\/div><div class=\"block_text\">Alustavasti varattu<\/div><\/div><\/div><\/div>\n  <\/div>\n  <div class=\"wpbc__field\">\n<div class=\"wpbc__form__div\">\n\t\t\t<div class=\"wpbc__row\">\n\t\t\t\t<div class=\"wpbc_r_name wpbc__field\"> <label>Etunimi*<\/label><br><span class=\"wpbc_wrap_text wpdev-form-control-wrap name1\"><input type=\"text\" name=\"name1\" value=\"\" autocomplete=\"name\" class=\"wpdev-validates-as-required\" size=\"40\" \/><\/span> <\/div>\n\t\t\t<\/div>\n\t\t\t<div class=\"wpbc__row\">\n\t\t\t\t<div class=\"wpbc_r_secondname wpbc__field\"> <label>Sukunimi*<\/label><br><span class=\"wpbc_wrap_text wpdev-form-control-wrap secondname1\"><input type=\"text\" name=\"secondname1\" value=\"\" autocomplete=\"secondname\" class=\"wpdev-validates-as-required\" size=\"40\" \/><\/span> <\/div>\n\t\t\t<\/div>\n\t\t\t<div class=\"wpbc__row\">\n\t\t\t\t<div class=\"wpbc_r_email wpbc__field\"> <label>Email*<\/label><br><span class=\"wpbc_wrap_text wpdev-form-control-wrap email1\"><input type=\"email\" name=\"email1\" value=\"\" autocomplete=\"email\" class=\"wpdev-validates-as-email wpdev-validates-as-required\" size=\"40\" \/><\/span> <\/div>\n\t\t\t<\/div>\n\t\t\t<div class=\"wpbc__row\">\n\t\t\t\t<div class=\"wpbc_r_phone wpbc__field\"> <label>Puhelin<\/label><br><span class=\"wpbc_wrap_text wpdev-form-control-wrap phone1\"><input type=\"text\" name=\"phone1\" value=\"\" autocomplete=\"phone\" size=\"40\" \/><\/span> <\/div>\n\t\t\t<\/div>\n\t\t\t<div class=\"wpbc__row\">\n\t\t\t\t<div class=\"wpbc_r_details wpbc__field\"> <label>Lis\u00e4tiedot<\/label><br><span class=\"wpbc_wrap_textarea wpdev-form-control-wrap details1\"><textarea name=\"details1\" autocomplete=\"details\"><\/textarea><\/span> <\/div>\n\t\t\t<\/div>\n\t\t\t<div class=\"wpbc__row\">\n\t\t\t\t<div class=\"wpbc_r_submit wpbc__field\"><input type=\"button\" value=\"L\u00e4het\u00e4\" class=\"wpbc_button_light  btn btn\" onclick=\"wpbc_booking_form_submit(this.form,1, 'fi');\" \/> <\/div>\n\t\t\t<\/div>\n<\/div>\n\t<\/div>\n\t<\/div>\n<\/div><script type=\"text\/javascript\">(function() { var a = setInterval( function() {  if ( ( 'undefined' === typeof _wpbc ) || ( 'undefined' === typeof jQuery ) || ! window.jQuery ) { return; } clearInterval( a ); jQuery( document ).ready( function (){\t\tmoveOptionalElementsToGarbage( 1 );\r\n\t} ); }, 500 ); })();<\/script><script type=\"text\/javascript\">(function() { var a = setInterval( function() {  if ( ( 'undefined' === typeof _wpbc ) || ( 'undefined' === typeof jQuery ) || ! window.jQuery ) { return; } clearInterval( a ); jQuery( document ).ready( function (){\t\t_wpbc.seasons__set( 1, [] );\r\n\t} ); }, 500 ); })();<\/script><input id=\"bk_type1\" name=\"bk_type1\" class=\"\" type=\"hidden\" value=\"1\" \/><\/div><div id=\"submiting1\"><\/div><div class=\"form_bk_messages\" id=\"form_bk_messages1\" ><\/div><input type=\"hidden\" id=\"wpbc_nonceCALCULATE_THE_COST1\" name=\"wpbc_nonceCALCULATE_THE_COST1\" value=\"430e1584ca\" \/><input type=\"hidden\" name=\"_wp_http_referer\" value=\"\/index.php\/wp-json\/wp\/v2\/pages\/132\" \/><\/form><\/div><div id=\"booking_form_garbage1\" class=\"booking_form_garbage\"><\/div> <div  id=\"gateway_payment_forms \"><\/div><\/div><\/div><\/div>\t\t\t\t<\/div>\n\t\t\t\t<\/div>\n\t\t\t\t\t<\/div>\n\t\t<\/div>\n\t\t\t\t\t<\/div>\n\t\t<\/section>\n\t\t\t\t<section class=\"elementor-section elementor-top-section elementor-element elementor-element-de8644b elementor-section-boxed elementor-section-height-default elementor-section-height-default\" data-id=\"de8644b\" data-element_type=\"section\" data-e-type=\"section\">\n\t\t\t\t\t\t<div class=\"elementor-container elementor-column-gap-default\">\n\t\t\t\t\t<div class=\"elementor-column elementor-col-100 elementor-top-column elementor-element elementor-element-2fbb832\" data-id=\"2fbb832\" data-element_type=\"column\" data-e-type=\"column\">\n\t\t\t<div class=\"elementor-widget-wrap\">\n\t\t\t\t\t\t\t<\/div>\n\t\t<\/div>\n\t\t\t\t\t<\/div>\n\t\t<\/section>\n\t\t\t\t<\/div>\n\t\t","protected":false},"excerpt":{"rendered":"<p>KNAUS SPORT 500KD Nykyaikainen ja tyylik\u00e4s Knaus Sport 500 KD Silver Selection vaunu on varustettu eritt\u00e4in kattavalla varustepaketilla. Jopa 7 hengen vaunussa on 3-kerrosvuode takana pitkitt\u00e4in, parivuode edess\u00e4 poikittain ja p\u00f6yt\u00e4ryhm\u00e4st\u00e4 saat tarvittaessa vuoteen! Kokonaispaino vain 1300kg VUOKRAUSVARUSTUS Vuokraukseen kuuluu: K\u00e4yt\u00f6n opastus l\u00e4htiess\u00e4 Kaasu vuokrauksen ajaksi (l\u00e4htiess\u00e4 vaunussa aina t\u00e4ysi 11kg kaasupullo) Retkikalusteet 4 hengelle [&hellip;]<\/p>\n","protected":false},"author":1,"featured_media":0,"parent":0,"menu_order":0,"comment_status":"closed","ping_status":"closed","template":"elementor_header_footer","meta":{"zakra_page_container_layout":"customizer","zakra_page_sidebar_layout":"customizer","zakra_remove_content_margin":false,"zakra_sidebar":"customizer","zakra_transparent_header":"0","zakra_logo":0,"zakra_main_header_style":"default","zakra_menu_item_color":"#fb5012","zakra_menu_item_hover_color":"#3ea596","zakra_menu_item_active_color":"#fb5012","zakra_menu_active_style":"style-2","zakra_page_header":false,"_exactmetrics_skip_tracking":false,"_exactmetrics_sitenote_active":false,"_exactmetrics_sitenote_note":"","_exactmetrics_sitenote_category":0,"footnotes":""},"class_list":["post-132","page","type-page","status-publish","hentry"],"_links":{"self":[{"href":"https:\/\/www.vuokrausliike.fi\/index.php\/wp-json\/wp\/v2\/pages\/132","targetHints":{"allow":["GET"]}}],"collection":[{"href":"https:\/\/www.vuokrausliike.fi\/index.php\/wp-json\/wp\/v2\/pages"}],"about":[{"href":"https:\/\/www.vuokrausliike.fi\/index.php\/wp-json\/wp\/v2\/types\/page"}],"author":[{"embeddable":true,"href":"https:\/\/www.vuokrausliike.fi\/index.php\/wp-json\/wp\/v2\/users\/1"}],"replies":[{"embeddable":true,"href":"https:\/\/www.vuokrausliike.fi\/index.php\/wp-json\/wp\/v2\/comments?post=132"}],"version-history":[{"count":86,"href":"https:\/\/www.vuokrausliike.fi\/index.php\/wp-json\/wp\/v2\/pages\/132\/revisions"}],"predecessor-version":[{"id":1508,"href":"https:\/\/www.vuokrausliike.fi\/index.php\/wp-json\/wp\/v2\/pages\/132\/revisions\/1508"}],"wp:attachment":[{"href":"https:\/\/www.vuokrausliike.fi\/index.php\/wp-json\/wp\/v2\/media?parent=132"}],"curies":[{"name":"wp","href":"https:\/\/api.w.org\/{rel}","templated":true}]}}