{"id":1194,"date":"2021-01-07T13:39:23","date_gmt":"2021-01-07T13:39:23","guid":{"rendered":"https:\/\/vuokrausliike.fi\/?page_id=1194"},"modified":"2023-12-18T13:21:50","modified_gmt":"2023-12-18T13:21:50","slug":"lynx-rave-re-600","status":"publish","type":"page","link":"https:\/\/www.vuokrausliike.fi\/index.php\/lynx-rave-re-600\/","title":{"rendered":"LYNX RAVE RE 600"},"content":{"rendered":"\t\t<div data-elementor-type=\"wp-post\" data-elementor-id=\"1194\" class=\"elementor elementor-1194\">\n\t\t\t\t\t\t<section class=\"elementor-section elementor-top-section elementor-element elementor-element-25cfdff0 elementor-section-stretched elementor-section-boxed elementor-section-height-default elementor-section-height-default\" data-id=\"25cfdff0\" data-element_type=\"section\" data-e-type=\"section\" data-settings=\"{&quot;stretch_section&quot;:&quot;section-stretched&quot;,&quot;background_background&quot;:&quot;gradient&quot;}\">\n\t\t\t\t\t\t<div class=\"elementor-container elementor-column-gap-no\">\n\t\t\t\t\t<div class=\"elementor-column elementor-col-33 elementor-top-column elementor-element elementor-element-56dee71d\" data-id=\"56dee71d\" data-element_type=\"column\" data-e-type=\"column\">\n\t\t\t<div class=\"elementor-widget-wrap\">\n\t\t\t\t\t\t\t<\/div>\n\t\t<\/div>\n\t\t\t\t<div class=\"elementor-column elementor-col-33 elementor-top-column elementor-element elementor-element-5062ea78\" data-id=\"5062ea78\" data-element_type=\"column\" data-e-type=\"column\">\n\t\t\t<div class=\"elementor-widget-wrap elementor-element-populated\">\n\t\t\t\t\t\t<div class=\"elementor-element elementor-element-6c6bcaa2 elementor-widget elementor-widget-heading\" data-id=\"6c6bcaa2\" data-element_type=\"widget\" data-e-type=\"widget\" data-widget_type=\"heading.default\">\n\t\t\t\t<div class=\"elementor-widget-container\">\n\t\t\t\t\t<h1 class=\"elementor-heading-title elementor-size-xl\">Lynx Rave Enduro 600R E-TEC<\/h1>\t\t\t\t<\/div>\n\t\t\t\t<\/div>\n\t\t\t\t<div class=\"elementor-element elementor-element-89c34ca elementor-widget elementor-widget-image\" data-id=\"89c34ca\" data-element_type=\"widget\" data-e-type=\"widget\" data-widget_type=\"image.default\">\n\t\t\t\t<div class=\"elementor-widget-container\">\n\t\t\t\t\t\t\t\t\t\t\t\t\t\t\t<img fetchpriority=\"high\" decoding=\"async\" width=\"661\" height=\"480\" src=\"https:\/\/www.vuokrausliike.fi\/wp-content\/uploads\/2023\/12\/Lynx-rave-enduro-600R-Etec2024.png\" class=\"attachment-large size-large wp-image-1670\" alt=\"\" srcset=\"https:\/\/www.vuokrausliike.fi\/wp-content\/uploads\/2023\/12\/Lynx-rave-enduro-600R-Etec2024.png 661w, https:\/\/www.vuokrausliike.fi\/wp-content\/uploads\/2023\/12\/Lynx-rave-enduro-600R-Etec2024-300x218.png 300w\" sizes=\"(max-width: 661px) 100vw, 661px\" \/>\t\t\t\t\t\t\t\t\t\t\t\t\t\t\t<\/div>\n\t\t\t\t<\/div>\n\t\t\t\t<div class=\"elementor-element elementor-element-55bb826 elementor-widget elementor-widget-text-editor\" data-id=\"55bb826\" data-element_type=\"widget\" data-e-type=\"widget\" data-widget_type=\"text-editor.default\">\n\t\t\t\t<div class=\"elementor-widget-container\">\n\t\t\t\t\t\t\t\t\t<div class=\"col-12 col-md-8 col-xl-9 trim-display\"><div class=\"model-option\"><div class=\"model-option__colors\"><div class=\"col-12 col-md-8 col-xl-9 trim-display\"><div class=\"model-option\"><div class=\"model-option__colors\"><div class=\"col-12 col-md-8 col-xl-9 trim-display\"><div class=\"model-option\"><div class=\"model-option__colors\"><div class=\"col-12 col-md-8 col-xl-9 trim-display\"><div class=\"model-option\"><div class=\"model-option__colors\"><div class=\"col-12 col-md-8 col-xl-9 trim-display\"><div class=\"model-option\"><div class=\"model-option__colors\"><div class=\"col-12 col-md-8 col-xl-9 trim-display\"><div class=\"model-option\">Vaativan urheilukelkkailijan erikoisty\u00f6kalu enduropoluille ja rajuille reiteille on entist\u00e4 suorituskykyisempi uuden Radien\u00b2-muotoilun ja uudelleen kalibroidun PPS\u00b3 \/ LFS+ -jousituksen my\u00f6t\u00e4. Voittava kokonaisuus rakentuu kilpak\u00e4ytt\u00f6\u00f6n suunnitelluista yksityiskohdista ja erikoislujasta rakenteesta. Vauhdin takaa kierrosherkk\u00e4 Rotax\u00ae 600R E-TEC.<\/div><\/div><\/div><\/div><\/div><\/div><\/div><\/div><\/div><\/div><\/div><\/div><\/div><\/div><\/div><\/div><\/div><div><ul class=\"list-group list-group-flush\"><li class=\"list-group-item\">Rotax\u00ae 600R E-TEC -moottori<\/li><li class=\"list-group-item\">PPS\u00b3 -takajousitus<\/li><li class=\"list-group-item\">KYB PRO 46 HLCR Kashima -iskunvaimentimet<\/li><li class=\"list-group-item\">41 mm Cobra -telamatto<\/li><li class=\"list-group-item\">LED-ajovalot, 7,2 tuuman digitaalin\u00e4ytt\u00f6, nelim\u00e4nt\u00e4inen jarru, s\u00e4\u00e4dett\u00e4v\u00e4 jarrukahva ja alumiininen kaasukahvan pidike<\/li><\/ul><\/div><p style=\"text-align: center;\">Lis\u00e4tietoja <a href=\"http:\/\/www.tahkorent.fi\">TahkoRent.fi<\/a>\u00a0<a href=\"tel:0505650059\">0505650059<\/a><\/p>\t\t\t\t\t\t\t\t<\/div>\n\t\t\t\t<\/div>\n\t\t\t\t<div class=\"elementor-element elementor-element-770e1a8 elementor-widget elementor-widget-heading\" data-id=\"770e1a8\" data-element_type=\"widget\" data-e-type=\"widget\" data-widget_type=\"heading.default\">\n\t\t\t\t<div class=\"elementor-widget-container\">\n\t\t\t\t\t<h2 class=\"elementor-heading-title elementor-size-default\">HINNASTO<\/h2>\t\t\t\t<\/div>\n\t\t\t\t<\/div>\n\t\t\t\t<div class=\"elementor-element elementor-element-b285866 elementor-widget elementor-widget-text-editor\" data-id=\"b285866\" data-element_type=\"widget\" data-e-type=\"widget\" data-widget_type=\"text-editor.default\">\n\t\t\t\t<div class=\"elementor-widget-container\">\n\t\t\t\t\t\t\t\t\t<p style=\"text-align: center;\"><a href=\"https:\/\/vuokrausliike.fi\/index.php\/lynx-rave-re-600\/\">290\u20ac \/ P\u00e4iv\u00e4 (8h)<\/a><\/p><p style=\"text-align: center;\"><a href=\"https:\/\/vuokrausliike.fi\/index.php\/lynx-rave-re-600\/\">320\u20ac \/ Vuorokausi (24h)<\/a><\/p><p style=\"text-align: center;\"><a href=\"https:\/\/vuokrausliike.fi\/index.php\/lynx-rave-re-600\/\">1000\u20ac \/ 5 P\u00c4IV\u00c4\u00c4<\/a><\/p>\t\t\t\t\t\t\t\t<\/div>\n\t\t\t\t<\/div>\n\t\t\t\t<div class=\"elementor-element elementor-element-1cc3a2d elementor-widget elementor-widget-heading\" data-id=\"1cc3a2d\" data-element_type=\"widget\" data-e-type=\"widget\" data-widget_type=\"heading.default\">\n\t\t\t\t<div class=\"elementor-widget-container\">\n\t\t\t\t\t<h1 class=\"elementor-heading-title elementor-size-xl\"><br>VUOKRAUSVARUSTUS<\/h1>\t\t\t\t<\/div>\n\t\t\t\t<\/div>\n\t\t\t\t<div class=\"elementor-element elementor-element-2c1a96a elementor-widget elementor-widget-text-editor\" data-id=\"2c1a96a\" data-element_type=\"widget\" data-e-type=\"widget\" data-widget_type=\"text-editor.default\">\n\t\t\t\t<div class=\"elementor-widget-container\">\n\t\t\t\t\t\t\t\t\t<h4 style=\"text-align: center;\">Vuokraukseen kuuluu:<\/h4><ul><li style=\"text-align: left;\">K\u00e4yt\u00f6n opastus l\u00e4htiess\u00e4<\/li><li style=\"text-align: left;\">Tuorevoitelu vuokrauksen ajaksi (l\u00e4htiess\u00e4 \u00f6ljys\u00e4ili\u00f6 t\u00e4ynn\u00e4)<\/li><li style=\"text-align: left;\">Kyp\u00e4r\u00e4<\/li><li style=\"text-align: left;\">Kyp\u00e4r\u00e4huppu<\/li><li style=\"text-align: left;\">Ajolasit<\/li><li style=\"text-align: left;\">Kelkkahaalari<\/li><li style=\"text-align: left;\">L\u00e4mp\u00f6saappaat<\/li><li style=\"text-align: left;\">Kelkkak\u00e4sineet<\/li><li style=\"text-align: left;\">Lis\u00e4maksusta kuomuper\u00e4k\u00e4rry<\/li><li style=\"text-align: left;\">Vuokravakuutus 800\u20ac omavastuulla<\/li><li style=\"text-align: left;\">Vuokravakuus luottokortilla 500\u20ac<\/li><li>L\u00e4htiess\u00e4 ja palautettaessa polttoainetankki t\u00e4ynn\u00e4<\/li><li>1 vuorokausi sis\u00e4lt\u00e4\u00e4 200km ja 5 vrk sis\u00e4lt\u00e4\u00e4 800km (Ylimenev\u00e4t kilometrit 1\u20ac\/km)<\/li><\/ul>\t\t\t\t\t\t\t\t<\/div>\n\t\t\t\t<\/div>\n\t\t\t\t<div class=\"elementor-element elementor-element-bea94e7 elementor-widget elementor-widget-image\" data-id=\"bea94e7\" data-element_type=\"widget\" data-e-type=\"widget\" data-widget_type=\"image.default\">\n\t\t\t\t<div class=\"elementor-widget-container\">\n\t\t\t\t\t\t\t\t\t\t\t\t\t\t\t<img decoding=\"async\" width=\"789\" height=\"1024\" src=\"https:\/\/www.vuokrausliike.fi\/wp-content\/uploads\/2023\/12\/Nayttokuva-2023-12-18-kello-15.20.59-789x1024.png\" class=\"attachment-large size-large wp-image-1685\" alt=\"\" srcset=\"https:\/\/www.vuokrausliike.fi\/wp-content\/uploads\/2023\/12\/Nayttokuva-2023-12-18-kello-15.20.59-789x1024.png 789w, https:\/\/www.vuokrausliike.fi\/wp-content\/uploads\/2023\/12\/Nayttokuva-2023-12-18-kello-15.20.59-231x300.png 231w, https:\/\/www.vuokrausliike.fi\/wp-content\/uploads\/2023\/12\/Nayttokuva-2023-12-18-kello-15.20.59-768x996.png 768w, https:\/\/www.vuokrausliike.fi\/wp-content\/uploads\/2023\/12\/Nayttokuva-2023-12-18-kello-15.20.59.png 1150w\" sizes=\"(max-width: 789px) 100vw, 789px\" \/>\t\t\t\t\t\t\t\t\t\t\t\t\t\t\t<\/div>\n\t\t\t\t<\/div>\n\t\t\t\t\t<\/div>\n\t\t<\/div>\n\t\t\t\t<div class=\"elementor-column elementor-col-33 elementor-top-column elementor-element elementor-element-2fdf57ef\" data-id=\"2fdf57ef\" data-element_type=\"column\" data-e-type=\"column\">\n\t\t\t<div class=\"elementor-widget-wrap\">\n\t\t\t\t\t\t\t<\/div>\n\t\t<\/div>\n\t\t\t\t\t<\/div>\n\t\t<\/section>\n\t\t\t\t<\/div>\n\t\t","protected":false},"excerpt":{"rendered":"<p>Lynx Rave Enduro 600R E-TEC Vaativan urheilukelkkailijan erikoisty\u00f6kalu enduropoluille ja rajuille reiteille on entist\u00e4 suorituskykyisempi uuden Radien\u00b2-muotoilun ja uudelleen kalibroidun PPS\u00b3 \/ LFS+ -jousituksen my\u00f6t\u00e4. Voittava kokonaisuus rakentuu kilpak\u00e4ytt\u00f6\u00f6n suunnitelluista yksityiskohdista ja erikoislujasta rakenteesta. Vauhdin takaa kierrosherkk\u00e4 Rotax\u00ae 600R E-TEC. Rotax\u00ae 600R E-TEC -moottori PPS\u00b3 -takajousitus KYB PRO 46 HLCR Kashima -iskunvaimentimet 41 mm Cobra [&hellip;]<\/p>\n","protected":false},"author":1,"featured_media":0,"parent":0,"menu_order":0,"comment_status":"closed","ping_status":"closed","template":"elementor_header_footer","meta":{"zakra_page_container_layout":"customizer","zakra_page_sidebar_layout":"customizer","zakra_remove_content_margin":false,"zakra_sidebar":"customizer","zakra_transparent_header":"0","zakra_logo":0,"zakra_main_header_style":"default","zakra_menu_item_color":"","zakra_menu_item_hover_color":"#3ea596","zakra_menu_item_active_color":"","zakra_menu_active_style":"style-2","zakra_page_header":false,"_exactmetrics_skip_tracking":false,"_exactmetrics_sitenote_active":false,"_exactmetrics_sitenote_note":"","_exactmetrics_sitenote_category":0,"footnotes":""},"class_list":["post-1194","page","type-page","status-publish","hentry"],"_links":{"self":[{"href":"https:\/\/www.vuokrausliike.fi\/index.php\/wp-json\/wp\/v2\/pages\/1194","targetHints":{"allow":["GET"]}}],"collection":[{"href":"https:\/\/www.vuokrausliike.fi\/index.php\/wp-json\/wp\/v2\/pages"}],"about":[{"href":"https:\/\/www.vuokrausliike.fi\/index.php\/wp-json\/wp\/v2\/types\/page"}],"author":[{"embeddable":true,"href":"https:\/\/www.vuokrausliike.fi\/index.php\/wp-json\/wp\/v2\/users\/1"}],"replies":[{"embeddable":true,"href":"https:\/\/www.vuokrausliike.fi\/index.php\/wp-json\/wp\/v2\/comments?post=1194"}],"version-history":[{"count":47,"href":"https:\/\/www.vuokrausliike.fi\/index.php\/wp-json\/wp\/v2\/pages\/1194\/revisions"}],"predecessor-version":[{"id":1688,"href":"https:\/\/www.vuokrausliike.fi\/index.php\/wp-json\/wp\/v2\/pages\/1194\/revisions\/1688"}],"wp:attachment":[{"href":"https:\/\/www.vuokrausliike.fi\/index.php\/wp-json\/wp\/v2\/media?parent=1194"}],"curies":[{"name":"wp","href":"https:\/\/api.w.org\/{rel}","templated":true}]}}